{"id":7778,"date":"2024-03-08T10:59:09","date_gmt":"2024-03-08T10:59:09","guid":{"rendered":"https:\/\/coppercrafts.eu\/?post_type=product&#038;p=7778"},"modified":"2024-03-08T10:59:09","modified_gmt":"2024-03-08T10:59:09","slug":"candeeiro-em-cobre-cs10co","status":"publish","type":"product","link":"https:\/\/coppercrafts.eu\/ru\/product\/candeeiro-em-cobre-cs10co\/","title":{"rendered":"Candeeiro em Cobre CS10CO"},"content":{"rendered":"<p>Serie: CS10CO<br \/>\nPeso: 1.536Kg<br \/>\nAltura: Regul\u00e1vel<br \/>\nDi\u00e2metro: 43cm<\/p>","protected":false},"excerpt":{"rendered":"<p>Candeeiros com personalidade, luxo e inova\u00e7\u00e3o aliados ao design exclusivo.<\/p>\n<ul>\n<li><strong>Artesanato Exclusivo<\/strong>: Produ\u00e7\u00e3o artesanal, cada candeeiro \u00e9 habilidosamente feito \u00e0 m\u00e3o, garantindo qualidade e autenticidade em cada pe\u00e7a, tornando cada pe\u00e7a \u00fanica;<\/li>\n<li>\u00a0<strong>Qualidade do material:<\/strong> O cobre \u00e9 um material valioso, esta pe\u00e7a possui 1.320 quilogramas de cobre Puro (99.93%);<\/li>\n<li><strong> Durabilidade e Longevidade:<\/strong> O cobre \u00e9 um material extremamente dur\u00e1vel e resistente \u00e0 corros\u00e3o, \u00e9 um produto para a vida;<\/li>\n<li><strong>Sustentabilidade:<\/strong> O cobre \u00e9 100% recicl\u00e1vel, o que faz dele ideal para pr\u00e1ticas sustent\u00e1veis.<\/li>\n<\/ul>\n<p><img class=\"alignnone size-full wp-image-7736\" src=\"http:\/\/coppercrafts.eu\/wp-content\/uploads\/2024\/03\/KK-e1706627476801-300x163-1.png\" alt=\"\" width=\"300\" height=\"163\" srcset=\"https:\/\/coppercrafts.eu\/wp-content\/uploads\/2024\/03\/KK-e1706627476801-300x163-1.png 300w, https:\/\/coppercrafts.eu\/wp-content\/uploads\/2024\/03\/KK-e1706627476801-300x163-1-18x10.png 18w\" sizes=\"(max-width: 300px) 100vw, 300px\" \/><\/p>","protected":false},"featured_media":7779,"comment_status":"closed","ping_status":"closed","template":"","meta":{"_themeisle_gutenberg_block_has_review":false},"product_cat":[326],"product_tag":[],"_links":{"self":[{"href":"https:\/\/coppercrafts.eu\/ru\/wp-json\/wp\/v2\/product\/7778"}],"collection":[{"href":"https:\/\/coppercrafts.eu\/ru\/wp-json\/wp\/v2\/product"}],"about":[{"href":"https:\/\/coppercrafts.eu\/ru\/wp-json\/wp\/v2\/types\/product"}],"replies":[{"embeddable":true,"href":"https:\/\/coppercrafts.eu\/ru\/wp-json\/wp\/v2\/comments?post=7778"}],"wp:featuredmedia":[{"embeddable":true,"href":"https:\/\/coppercrafts.eu\/ru\/wp-json\/wp\/v2\/media\/7779"}],"wp:attachment":[{"href":"https:\/\/coppercrafts.eu\/ru\/wp-json\/wp\/v2\/media?parent=7778"}],"wp:term":[{"taxonomy":"product_cat","embeddable":true,"href":"https:\/\/coppercrafts.eu\/ru\/wp-json\/wp\/v2\/product_cat?post=7778"},{"taxonomy":"product_tag","embeddable":true,"href":"https:\/\/coppercrafts.eu\/ru\/wp-json\/wp\/v2\/product_tag?post=7778"}],"curies":[{"name":"wp","href":"https:\/\/api.w.org\/{rel}","templated":true}]}}