{"id":7701,"date":"2023-11-03T15:09:01","date_gmt":"2023-11-03T15:09:01","guid":{"rendered":"https:\/\/coppercrafts.eu\/?post_type=product&#038;p=7701"},"modified":"2023-11-06T14:46:01","modified_gmt":"2023-11-06T14:46:01","slug":"modular-alambique-botanical-20-litros","status":"publish","type":"product","link":"https:\/\/coppercrafts.eu\/ru\/product\/modular-alambique-botanical-20-litros\/","title":{"rendered":"Modular Alambique Botanical 20 Litros"},"content":{"rendered":"<p>Modular Alambique Botanical 20 Litros<\/p>","protected":false},"excerpt":{"rendered":"<p>Um alambique Modular oferece v\u00e1rias op\u00e7\u00f5es de personaliza\u00e7\u00e3o para atender \u00e0s necessidades e procura dos produtores, permite uma maior personaliza\u00e7\u00e3o e adapta\u00e7\u00e3o \u00e0s mudan\u00e7as na produ\u00e7\u00e3o que se pretende obter.<\/p>\n<p>O Alambique Botanical encontra-se dividido em duas partes apenas, a caldeira e a coluna, a caldeira em cobre possui uma cinta em inox onde s\u00e3o soldadas as asas, evitando assim qualquer tipo de furo na caldeira. O mesmo inclui al\u00e9m da caldeira e da coluna um crivo, clamp e um condensador de tubos verticais.<\/p>\n<p><strong>Alambique Modular &#8211; Modelo Botanical<\/strong><br \/>\nMade in Portugal<\/p>\n<p><strong>\u0421\u043e\u0441\u0442\u0430\u0432\u043b\u044f\u044e\u0449\u0438\u0435 \u043f\u0440\u043e\u0434\u0443\u043a\u0442\u0430:\u00a0 \u00a0 \u00a0 \u00a0 \u00a0 \u00a0 \u00a0 \u00a0 \u00a0 \u00a0 \u00a0 \u00a0 \u00a0 \u00a0 \u00a0 \u00a0 \u00a0 \u00a0 \u00a0 \u00a0 \u00a0 \u00a0 \u00a0 \u00a0 \u00a0 \u00a0 \u00a0 \u00a0 \u00a0 \u00a0 \u00a0 \u00a0 \u00a0 \u00a0 \u00a0 \u00a0 \u00a0 \u00a0 \u00a0 \u00a0 \u00a0 \u00a0 \u00a0 \u00a0 \u00a0 \u00a0 \u00a0 \u00a0 \u00a0<\/strong>Caldeira em cobre<br \/>\nColuna<br \/>\nCrivo<br \/>\nClamp<br \/>\n\u0412\u0435\u0440\u0442\u0438\u043a\u0430\u043b\u044c\u043d\u044b\u0439 \u0442\u0440\u0443\u0431\u0447\u0430\u0442\u044b\u0439 \u043a\u043e\u043d\u0434\u0435\u043d\u0441\u0430\u0442\u043e\u0440<\/p>\n<p><strong>Como extras recomendamos:\u00a0 \u00a0 \u00a0 \u00a0 \u00a0 \u00a0 \u00a0 \u00a0 \u00a0 \u00a0 \u00a0 \u00a0 \u00a0 \u00a0 \u00a0 \u00a0 \u00a0 \u00a0 \u00a0 \u00a0 \u00a0 \u00a0 \u00a0 \u00a0 \u00a0 \u00a0 \u00a0 \u00a0<\/strong><br \/>\nUni\u00e3o para aquecimento el\u00e9ctrico<\/p>\n<p>&nbsp;<\/p>\n<p><b>&#8230;<\/p>","protected":false},"featured_media":7700,"comment_status":"closed","ping_status":"closed","template":"","meta":{"_themeisle_gutenberg_block_has_review":false},"product_cat":[321,316],"product_tag":[],"_links":{"self":[{"href":"https:\/\/coppercrafts.eu\/ru\/wp-json\/wp\/v2\/product\/7701"}],"collection":[{"href":"https:\/\/coppercrafts.eu\/ru\/wp-json\/wp\/v2\/product"}],"about":[{"href":"https:\/\/coppercrafts.eu\/ru\/wp-json\/wp\/v2\/types\/product"}],"replies":[{"embeddable":true,"href":"https:\/\/coppercrafts.eu\/ru\/wp-json\/wp\/v2\/comments?post=7701"}],"wp:featuredmedia":[{"embeddable":true,"href":"https:\/\/coppercrafts.eu\/ru\/wp-json\/wp\/v2\/media\/7700"}],"wp:attachment":[{"href":"https:\/\/coppercrafts.eu\/ru\/wp-json\/wp\/v2\/media?parent=7701"}],"wp:term":[{"taxonomy":"product_cat","embeddable":true,"href":"https:\/\/coppercrafts.eu\/ru\/wp-json\/wp\/v2\/product_cat?post=7701"},{"taxonomy":"product_tag","embeddable":true,"href":"https:\/\/coppercrafts.eu\/ru\/wp-json\/wp\/v2\/product_tag?post=7701"}],"curies":[{"name":"wp","href":"https:\/\/api.w.org\/{rel}","templated":true}]}}