{"id":7690,"date":"2023-11-03T14:42:50","date_gmt":"2023-11-03T14:42:50","guid":{"rendered":"https:\/\/coppercrafts.eu\/?post_type=product&#038;p=7690"},"modified":"2023-11-06T14:23:56","modified_gmt":"2023-11-06T14:23:56","slug":"modular-alambique-coluna-de-valvulas-40-litros","status":"publish","type":"product","link":"https:\/\/coppercrafts.eu\/ru\/product\/modular-alambique-coluna-de-valvulas-40-litros\/","title":{"rendered":"Modular Alambique Coluna de V\u00e1lvulas 40 Litros"},"content":{"rendered":"<p>Modular Alambique Coluna de V\u00e1lvulas 40 Litros<\/p>","protected":false},"excerpt":{"rendered":"<p>Um alambique Modular oferece v\u00e1rias op\u00e7\u00f5es de personaliza\u00e7\u00e3o para atender \u00e0s necessidades e procura dos produtores, permite uma maior personaliza\u00e7\u00e3o e adapta\u00e7\u00e3o \u00e0s mudan\u00e7as na produ\u00e7\u00e3o que se pretende obter.<\/p>\n<p>A caldeira em Cobre &#8220;M&#8221; \u00e9 fabricada com espessuras de cobre que permitem um produto com uma enorme longevidade, possui uma cinta inox onde s\u00e3o soldadas as asas, evitando assim qualquer tipo de furo na caldeira.<\/p>\n<p><strong>Alambique Modular &#8211; Modelo Coluna de V\u00e1lvulas<\/strong><br \/>\nMade in Portugal<\/p>\n<p><strong>\u0421\u043e\u0441\u0442\u0430\u0432\u043b\u044f\u044e\u0449\u0438\u0435 \u043f\u0440\u043e\u0434\u0443\u043a\u0442\u0430:\u00a0 \u00a0 \u00a0 \u00a0 \u00a0 \u00a0 \u00a0 \u00a0 \u00a0 \u00a0 \u00a0 \u00a0 \u00a0 \u00a0 \u00a0 \u00a0 \u00a0 \u00a0 \u00a0 \u00a0 \u00a0 \u00a0 \u00a0 \u00a0 \u00a0 \u00a0 \u00a0 \u00a0 \u00a0 \u00a0 \u00a0 \u00a0 \u00a0 \u00a0 \u00a0 \u00a0 \u00a0 \u00a0 \u00a0 \u00a0 \u00a0 \u00a0 \u00a0 \u00a0 \u00a0 \u00a0 \u00a0 \u00a0 \u00a0<\/strong>Caldeira em cobre<br \/>\n2 Redu\u00e7\u00f5es 4&#8243; &#8211; 2&#8243;\u00a0 \u00a0 \u00a0 \u00a0 \u00a0 \u00a0 \u00a0 \u00a0 \u00a0 \u00a0 \u00a0 \u00a0 \u00a0 \u00a0 \u00a0 \u00a0 \u00a0 \u00a0 \u00a0 \u00a0 \u00a0 \u00a0 \u00a0 \u00a0 \u00a0 \u00a0 \u00a0 \u00a0 \u00a0 \u00a0 \u00a0 \u00a0 \u00a0 \u00a0 \u00a0 \u00a0 \u00a0 \u00a0 \u00a0 \u00a0 \u00a0 \u00a0 \u00a0 \u00a0 \u00a0 \u00a0 \u00a0 \u00a0 \u00a0 \u00a0 \u00a0 \u00a0 \u00a0 \u00a0 \u00a03 Colunas de 6 V\u00e1lvulas<br \/>\n\u0422\u0435\u0440\u043c\u043e\u043c\u0435\u0442\u0440\u044b<br \/>\nCurva em cobre<br \/>\n\u0412\u0435\u0440\u0442\u0438\u043a\u0430\u043b\u044c\u043d\u044b\u0439 \u0442\u0440\u0443\u0431\u0447\u0430\u0442\u044b\u0439 \u043a\u043e\u043d\u0434\u0435\u043d\u0441\u0430\u0442\u043e\u0440<\/p>\n<p><strong>Como extras recomendamos:\u00a0 \u00a0 \u00a0 \u00a0 \u00a0 \u00a0 \u00a0 \u00a0 \u00a0 \u00a0 \u00a0 \u00a0 \u00a0 \u00a0 \u00a0 \u00a0 \u00a0 \u00a0 \u00a0 \u00a0 \u00a0 \u00a0 \u00a0 \u00a0 \u00a0 \u00a0 \u00a0 \u00a0 \u00a0 \u00a0 \u00a0 \u00a0 \u00a0 \u00a0 \u00a0 \u00a0 \u00a0 \u00a0 \u00a0 \u00a0 \u00a0 \u00a0<\/strong>\u041a\u043b\u044e\u0432 \u043f\u043e\u043f\u0443\u0433\u0430\u044f<br \/>\nUni\u00e3o para aquecimento el\u00e9ctrico<\/p>\n<p>&nbsp;<\/p>\n<p><b>&#8230;<\/p>","protected":false},"featured_media":7688,"comment_status":"closed","ping_status":"closed","template":"","meta":{"_themeisle_gutenberg_block_has_review":false},"product_cat":[320,316],"product_tag":[],"_links":{"self":[{"href":"https:\/\/coppercrafts.eu\/ru\/wp-json\/wp\/v2\/product\/7690"}],"collection":[{"href":"https:\/\/coppercrafts.eu\/ru\/wp-json\/wp\/v2\/product"}],"about":[{"href":"https:\/\/coppercrafts.eu\/ru\/wp-json\/wp\/v2\/types\/product"}],"replies":[{"embeddable":true,"href":"https:\/\/coppercrafts.eu\/ru\/wp-json\/wp\/v2\/comments?post=7690"}],"wp:featuredmedia":[{"embeddable":true,"href":"https:\/\/coppercrafts.eu\/ru\/wp-json\/wp\/v2\/media\/7688"}],"wp:attachment":[{"href":"https:\/\/coppercrafts.eu\/ru\/wp-json\/wp\/v2\/media?parent=7690"}],"wp:term":[{"taxonomy":"product_cat","embeddable":true,"href":"https:\/\/coppercrafts.eu\/ru\/wp-json\/wp\/v2\/product_cat?post=7690"},{"taxonomy":"product_tag","embeddable":true,"href":"https:\/\/coppercrafts.eu\/ru\/wp-json\/wp\/v2\/product_tag?post=7690"}],"curies":[{"name":"wp","href":"https:\/\/api.w.org\/{rel}","templated":true}]}}