{"id":5722,"date":"2021-04-13T14:20:20","date_gmt":"2021-04-13T14:20:20","guid":{"rendered":"http:\/\/coppercrafts.eu\/?post_type=product&#038;p=5722"},"modified":"2023-11-06T13:15:15","modified_gmt":"2023-11-06T13:15:15","slug":"batedor-18cm","status":"publish","type":"product","link":"https:\/\/coppercrafts.eu\/ru\/product\/batedor-18cm\/","title":{"rendered":"\u041c\u0435\u0434\u043d\u0430\u044f \u0447\u0430\u0448\u0430 \u0434\u043b\u044f \u0432\u0437\u0431\u0438\u0432\u0430\u043d\u0438\u044f \u00d8 18 \u0441\u043c"},"content":{"rendered":"<p>Batedor 18cm<\/p>","protected":false},"excerpt":{"rendered":"<p>Ta\u00e7a em cobre 99.9 % puro.<\/p>\n<p>N\u00e3o h\u00e1 nada melhor para bater os seus ovos, o cobre reage com as prote\u00ednas do ovo o que faz com que consiga obter facilmente o volume total e r\u00edgido.<\/p>\n<p>Possui um pr\u00e1tico anel de metal para segurar ou pendurar a ta\u00e7a.<\/p>\n<p><b>&#8230;<\/p>","protected":false},"featured_media":5723,"comment_status":"open","ping_status":"closed","template":"","meta":{"_themeisle_gutenberg_block_has_review":false},"product_cat":[186],"product_tag":[],"_links":{"self":[{"href":"https:\/\/coppercrafts.eu\/ru\/wp-json\/wp\/v2\/product\/5722"}],"collection":[{"href":"https:\/\/coppercrafts.eu\/ru\/wp-json\/wp\/v2\/product"}],"about":[{"href":"https:\/\/coppercrafts.eu\/ru\/wp-json\/wp\/v2\/types\/product"}],"replies":[{"embeddable":true,"href":"https:\/\/coppercrafts.eu\/ru\/wp-json\/wp\/v2\/comments?post=5722"}],"wp:featuredmedia":[{"embeddable":true,"href":"https:\/\/coppercrafts.eu\/ru\/wp-json\/wp\/v2\/media\/5723"}],"wp:attachment":[{"href":"https:\/\/coppercrafts.eu\/ru\/wp-json\/wp\/v2\/media?parent=5722"}],"wp:term":[{"taxonomy":"product_cat","embeddable":true,"href":"https:\/\/coppercrafts.eu\/ru\/wp-json\/wp\/v2\/product_cat?post=5722"},{"taxonomy":"product_tag","embeddable":true,"href":"https:\/\/coppercrafts.eu\/ru\/wp-json\/wp\/v2\/product_tag?post=5722"}],"curies":[{"name":"wp","href":"https:\/\/api.w.org\/{rel}","templated":true}]}}