{"id":4655,"date":"2020-12-22T23:39:00","date_gmt":"2020-12-22T23:39:00","guid":{"rendered":"http:\/\/coppercrafts.eu\/product\/produto-562\/"},"modified":"2023-11-06T13:20:04","modified_gmt":"2023-11-06T13:20:04","slug":"produto-562","status":"publish","type":"product","link":"https:\/\/coppercrafts.eu\/ru\/product\/produto-562\/","title":{"rendered":"Frap\u00ea de P\u00e9 para Garrafas em Cobre"},"content":{"rendered":"<p>Frap\u00ea de p\u00e9 para garrafas em cobre<\/p>","protected":false},"excerpt":{"rendered":"<p>Balde para gelo fabricado em cobre 99.9% puro, estanhado no seu interior.<\/p>\n<p>Capacidade para duas\u00a0 garrafas de 0,7 cl.<\/p>\n<p>Possui uma base bastante robusta, para suportar adequadamente o peso do balde e garrafas.<\/p>\n<p><b>&#8230;<\/p>","protected":false},"featured_media":4976,"comment_status":"open","ping_status":"closed","template":"","meta":{"_themeisle_gutenberg_block_has_review":false},"product_cat":[186],"product_tag":[],"_links":{"self":[{"href":"https:\/\/coppercrafts.eu\/ru\/wp-json\/wp\/v2\/product\/4655"}],"collection":[{"href":"https:\/\/coppercrafts.eu\/ru\/wp-json\/wp\/v2\/product"}],"about":[{"href":"https:\/\/coppercrafts.eu\/ru\/wp-json\/wp\/v2\/types\/product"}],"replies":[{"embeddable":true,"href":"https:\/\/coppercrafts.eu\/ru\/wp-json\/wp\/v2\/comments?post=4655"}],"wp:featuredmedia":[{"embeddable":true,"href":"https:\/\/coppercrafts.eu\/ru\/wp-json\/wp\/v2\/media\/4976"}],"wp:attachment":[{"href":"https:\/\/coppercrafts.eu\/ru\/wp-json\/wp\/v2\/media?parent=4655"}],"wp:term":[{"taxonomy":"product_cat","embeddable":true,"href":"https:\/\/coppercrafts.eu\/ru\/wp-json\/wp\/v2\/product_cat?post=4655"},{"taxonomy":"product_tag","embeddable":true,"href":"https:\/\/coppercrafts.eu\/ru\/wp-json\/wp\/v2\/product_tag?post=4655"}],"curies":[{"name":"wp","href":"https:\/\/api.w.org\/{rel}","templated":true}]}}