{"id":4644,"date":"2020-12-22T23:38:58","date_gmt":"2020-12-22T23:38:58","guid":{"rendered":"http:\/\/coppercrafts.eu\/product\/produto-551\/"},"modified":"2023-11-06T13:20:06","modified_gmt":"2023-11-06T13:20:06","slug":"produto-551","status":"publish","type":"product","link":"https:\/\/coppercrafts.eu\/ru\/product\/produto-551\/","title":{"rendered":"\u041d\u0430\u0431\u043e\u0440 \u043c\u0435\u0434\u043d\u044b\u0445 \u0441\u043f\u0435\u0446\u0438\u0439"},"content":{"rendered":"<p>Conjunto para especiarias em cobre<\/p>","protected":false},"excerpt":{"rendered":"<p>Conjunto de especiarias fabricado em cobre, constitu\u00eddo por seis pe\u00e7as estanhadas no seu interior, ideal para guardar as suas especiarias dando um toque de eleg\u00e2ncia \u00e1 sua cozinha.<\/p>\n<p><b>&#8230;<\/p>","protected":false},"featured_media":6512,"comment_status":"open","ping_status":"closed","template":"","meta":{"_themeisle_gutenberg_block_has_review":false},"product_cat":[186],"product_tag":[],"_links":{"self":[{"href":"https:\/\/coppercrafts.eu\/ru\/wp-json\/wp\/v2\/product\/4644"}],"collection":[{"href":"https:\/\/coppercrafts.eu\/ru\/wp-json\/wp\/v2\/product"}],"about":[{"href":"https:\/\/coppercrafts.eu\/ru\/wp-json\/wp\/v2\/types\/product"}],"replies":[{"embeddable":true,"href":"https:\/\/coppercrafts.eu\/ru\/wp-json\/wp\/v2\/comments?post=4644"}],"wp:featuredmedia":[{"embeddable":true,"href":"https:\/\/coppercrafts.eu\/ru\/wp-json\/wp\/v2\/media\/6512"}],"wp:attachment":[{"href":"https:\/\/coppercrafts.eu\/ru\/wp-json\/wp\/v2\/media?parent=4644"}],"wp:term":[{"taxonomy":"product_cat","embeddable":true,"href":"https:\/\/coppercrafts.eu\/ru\/wp-json\/wp\/v2\/product_cat?post=4644"},{"taxonomy":"product_tag","embeddable":true,"href":"https:\/\/coppercrafts.eu\/ru\/wp-json\/wp\/v2\/product_tag?post=4644"}],"curies":[{"name":"wp","href":"https:\/\/api.w.org\/{rel}","templated":true}]}}