{"id":4590,"date":"2020-12-22T23:38:46","date_gmt":"2020-12-22T23:38:46","guid":{"rendered":"http:\/\/coppercrafts.eu\/product\/produto-497\/"},"modified":"2024-05-13T13:13:08","modified_gmt":"2024-05-13T13:13:08","slug":"produto-497","status":"publish","type":"product","link":"https:\/\/coppercrafts.eu\/ru\/product\/produto-497\/","title":{"rendered":"Frigideira em Cobre c\/ 2 Asas \u00d8 26 cm"},"content":{"rendered":"<p>Frigideira em Cobre com 2 asas \u00d8 26 cent\u00edmetros.<\/p>","protected":false},"excerpt":{"rendered":"<p>\u0412 \u043c\u0435\u0434\u043d\u044b\u0445 \u043a\u043e\u043d\u0441\u0435\u0440\u0432\u043d\u044b\u0445 \u0441\u043a\u043e\u0432\u043e\u0440\u043e\u0434\u0430\u0445 \u043c\u043e\u0436\u043d\u043e \u0433\u043e\u0442\u043e\u0432\u0438\u0442\u044c \u0441\u0430\u043c\u044b\u0435 \u043d\u0435\u0436\u043d\u044b\u0435 \u043f\u0440\u043e\u0434\u0443\u043a\u0442\u044b, \u0442\u0430\u043a\u0438\u0435 \u043a\u0430\u043a \u0440\u044b\u0431\u0430, \u043f\u0442\u0438\u0446\u0430 \u0438 \u043e\u0432\u043e\u0449\u0438, \u043f\u0440\u0438 \u0438\u0434\u0435\u0430\u043b\u044c\u043d\u043e \u0440\u0435\u0433\u0443\u043b\u0438\u0440\u0443\u0435\u043c\u043e\u043c \u043d\u0430\u0433\u0440\u0435\u0432\u0435.<\/p>\n<p>As nossas frigideiras s\u00e3o fabricadas usando cobre 99.9 % puro, com duas pr\u00e1ticas asas\u00a0 em metal ,s\u00e3o estanhadas no interior para que cozinhe em seguran\u00e7a, facilitando tamb\u00e9m a limpeza.<\/p>\n<p>\u042d\u0442\u0430 \u0441\u043c\u0435\u0441\u044c \u043c\u0435\u0434\u0438 \u0438 \u043e\u043b\u043e\u0432\u0430 \u0443\u0432\u0435\u043b\u0438\u0447\u0438\u0432\u0430\u0435\u0442 \u0443\u0434\u043e\u0432\u043e\u043b\u044c\u0441\u0442\u0432\u0438\u0435 \u043e\u0442 \u043f\u0440\u0438\u0433\u043e\u0442\u043e\u0432\u043b\u0435\u043d\u0438\u044f \u043f\u0438\u0449\u0438, \u043c\u0435\u0434\u044c \u0441 \u0435\u0435 \u043d\u0435\u0441\u0440\u0430\u0432\u043d\u0435\u043d\u043d\u043e\u0439 \u043f\u0440\u043e\u0432\u043e\u0434\u0438\u043c\u043e\u0441\u0442\u044c\u044e \u0438 \u043a\u043e\u043d\u0442\u0440\u043e\u043b\u0435\u043c, \u0430 \u043e\u043b\u043e\u0432\u043e, \u043a\u043e\u0442\u043e\u0440\u043e\u0435, \u043f\u043e\u043c\u0438\u043c\u043e \u043e\u0431\u043b\u0435\u0433\u0447\u0435\u043d\u0438\u044f \u043e\u0447\u0438\u0441\u0442\u043a\u0438, \u0441\u043e\u0445\u0440\u0430\u043d\u044f\u0435\u0442 \u0432\u043a\u0443\u0441 \u0438 \u043f\u0438\u0442\u0430\u0442\u0435\u043b\u044c\u043d\u044b\u0435 \u043a\u0430\u0447\u0435\u0441\u0442\u0432\u0430 \u043f\u0438\u0449\u0438, \u0438\u0434\u0435\u0430\u043b\u044c\u043d\u043e \u043f\u043e\u0434\u0445\u043e\u0434\u044f\u0449\u0438\u0435 \u0434\u043b\u044f \u0432\u0430\u0448\u0438\u0445 \u043d\u0443\u0436\u0434. \u0435\u0436\u0435\u0434\u043d\u0435\u0432\u043d\u043e \u043d\u0430 \u043a\u0443\u0445\u043d\u0435.<\/p>\n<p dir=\"ltr\" data-placeholder=\"Tradu\u00e7\u00e3o\"><b>&#8230;<\/p>","protected":false},"featured_media":7802,"comment_status":"open","ping_status":"closed","template":"","meta":{"_themeisle_gutenberg_block_has_review":false},"product_cat":[233],"product_tag":[],"_links":{"self":[{"href":"https:\/\/coppercrafts.eu\/ru\/wp-json\/wp\/v2\/product\/4590"}],"collection":[{"href":"https:\/\/coppercrafts.eu\/ru\/wp-json\/wp\/v2\/product"}],"about":[{"href":"https:\/\/coppercrafts.eu\/ru\/wp-json\/wp\/v2\/types\/product"}],"replies":[{"embeddable":true,"href":"https:\/\/coppercrafts.eu\/ru\/wp-json\/wp\/v2\/comments?post=4590"}],"wp:featuredmedia":[{"embeddable":true,"href":"https:\/\/coppercrafts.eu\/ru\/wp-json\/wp\/v2\/media\/7802"}],"wp:attachment":[{"href":"https:\/\/coppercrafts.eu\/ru\/wp-json\/wp\/v2\/media?parent=4590"}],"wp:term":[{"taxonomy":"product_cat","embeddable":true,"href":"https:\/\/coppercrafts.eu\/ru\/wp-json\/wp\/v2\/product_cat?post=4590"},{"taxonomy":"product_tag","embeddable":true,"href":"https:\/\/coppercrafts.eu\/ru\/wp-json\/wp\/v2\/product_tag?post=4590"}],"curies":[{"name":"wp","href":"https:\/\/api.w.org\/{rel}","templated":true}]}}