{"id":4532,"date":"2020-12-22T23:38:33","date_gmt":"2020-12-22T23:38:33","guid":{"rendered":"http:\/\/coppercrafts.eu\/product\/produto-439\/"},"modified":"2023-11-06T13:27:58","modified_gmt":"2023-11-06T13:27:58","slug":"produto-439","status":"publish","type":"product","link":"https:\/\/coppercrafts.eu\/ru\/product\/produto-439\/","title":{"rendered":"\u041c\u0435\u0434\u043d\u044b\u0439 \u043a\u043e\u043d\u0434\u0438\u0442\u0435\u0440\u0441\u043a\u0438\u0439 \u0433\u043e\u0440\u0448\u043e\u043a N\u00ba 55 \u2013 \u00d8 55 \u0441\u043c"},"content":{"rendered":"<p>\u041c\u0435\u0434\u043d\u044b\u0439 \u043a\u043e\u043d\u0434\u0438\u0442\u0435\u0440\u0441\u043a\u0438\u0439 \u0433\u043e\u0440\u0448\u043e\u043a N\u00ba 55 \u2013 \u00d8 55 \u0441\u043c<\/p>","protected":false},"excerpt":{"rendered":"<p>Uma panela rasa, de cobre pesado, com al\u00e7as pr\u00e1ticas nas laterais, iguais \u00e0s das boas cozinhas.<\/p>\n<p>A panela ideal para cozinhar deliciosas geleias, tamb\u00e9m muito adequada para misturar chocolate.<\/p>\n<p>A panela \u00e9 toda feita de cobre; o interior pode ser trabalhado sob pedido.<\/p>\n<p><b>&#8230;<\/p>","protected":false},"featured_media":6387,"comment_status":"open","ping_status":"closed","template":"","meta":{"_themeisle_gutenberg_block_has_review":false},"product_cat":[156],"product_tag":[],"_links":{"self":[{"href":"https:\/\/coppercrafts.eu\/ru\/wp-json\/wp\/v2\/product\/4532"}],"collection":[{"href":"https:\/\/coppercrafts.eu\/ru\/wp-json\/wp\/v2\/product"}],"about":[{"href":"https:\/\/coppercrafts.eu\/ru\/wp-json\/wp\/v2\/types\/product"}],"replies":[{"embeddable":true,"href":"https:\/\/coppercrafts.eu\/ru\/wp-json\/wp\/v2\/comments?post=4532"}],"wp:featuredmedia":[{"embeddable":true,"href":"https:\/\/coppercrafts.eu\/ru\/wp-json\/wp\/v2\/media\/6387"}],"wp:attachment":[{"href":"https:\/\/coppercrafts.eu\/ru\/wp-json\/wp\/v2\/media?parent=4532"}],"wp:term":[{"taxonomy":"product_cat","embeddable":true,"href":"https:\/\/coppercrafts.eu\/ru\/wp-json\/wp\/v2\/product_cat?post=4532"},{"taxonomy":"product_tag","embeddable":true,"href":"https:\/\/coppercrafts.eu\/ru\/wp-json\/wp\/v2\/product_tag?post=4532"}],"curies":[{"name":"wp","href":"https:\/\/api.w.org\/{rel}","templated":true}]}}