{"id":4467,"date":"2020-12-22T23:38:21","date_gmt":"2020-12-22T23:38:21","guid":{"rendered":"http:\/\/coppercrafts.eu\/product\/produto-374\/"},"modified":"2021-06-19T15:31:21","modified_gmt":"2021-06-19T15:31:21","slug":"produto-374","status":"publish","type":"product","link":"https:\/\/coppercrafts.eu\/ru\/product\/produto-374\/","title":{"rendered":"\u041a\u043e\u0442\u0435\u043b \u043c\u0435\u0434\u043d\u044b\u0439 - \u041c\u043e\u0434\u0435\u043b\u044c Verim 40L"},"content":{"rendered":"<p>\u041a\u043e\u0442\u0435\u043b \u043c\u0435\u0434\u043d\u044b\u0439 - \u041c\u043e\u0434\u0435\u043b\u044c Verim 40 \u043b\u0438\u0442\u0440\u044b<\/p>","protected":false},"excerpt":{"rendered":"<p><span data-sheets-value=\"{&quot;1&quot;:2,&quot;2&quot;:&quot;Caldeir\u00e3o em cobre,muito robusta, fabricada \u00e0 m\u00e3o, ideal para cozinhar sobre fogo direto ou utilizando um fog\u00e3o a g\u00e1z, possui um rebordo em ferro cravado com revites de cobre, e um pr\u00e1tico arco em ferro. Os tamanhos mais pequenos podem tamb\u00e9m ser aquecidos com um fog\u00e3o el\u00e9ctrico, N\u00e3o funciona em fog\u00f5es de indu\u00e7\u00e3o. mediante pedido o interior pode ser estanhado. &quot;}\" data-sheets-userformat=\"{&quot;2&quot;:31231,&quot;3&quot;:{&quot;1&quot;:0,&quot;3&quot;:1},&quot;4&quot;:{&quot;1&quot;:3,&quot;3&quot;:2},&quot;5&quot;:{&quot;1&quot;:[{&quot;1&quot;:2,&quot;2&quot;:0,&quot;5&quot;:{&quot;1&quot;:0}},{&quot;1&quot;:0,&quot;2&quot;:0,&quot;3&quot;:3},{&quot;1&quot;:1,&quot;2&quot;:0,&quot;4&quot;:1}]},&quot;6&quot;:{&quot;1&quot;:[{&quot;1&quot;:2,&quot;2&quot;:0,&quot;5&quot;:{&quot;1&quot;:0}},{&quot;1&quot;:0,&quot;2&quot;:0,&quot;3&quot;:3},{&quot;1&quot;:1,&quot;2&quot;:0,&quot;4&quot;:1}]},&quot;7&quot;:{&quot;1&quot;:[{&quot;1&quot;:2,&quot;2&quot;:0,&quot;5&quot;:{&quot;1&quot;:0}},{&quot;1&quot;:0,&quot;2&quot;:0,&quot;3&quot;:3},{&quot;1&quot;:1,&quot;2&quot;:0,&quot;4&quot;:1}]},&quot;8&quot;:{&quot;1&quot;:[{&quot;1&quot;:2,&quot;2&quot;:0,&quot;5&quot;:{&quot;1&quot;:0}},{&quot;1&quot;:0,&quot;2&quot;:0,&quot;3&quot;:3},{&quot;1&quot;:1,&quot;2&quot;:0,&quot;4&quot;:1}]},&quot;9&quot;:0,&quot;10&quot;:0,&quot;11&quot;:4,&quot;14&quot;:{&quot;1&quot;:2,&quot;2&quot;:3355443},&quot;15&quot;:&quot;Rockwell&quot;,&quot;16&quot;:11,&quot;17&quot;:1}\">\u041e\u0447\u0435\u043d\u044c \u043f\u0440\u043e\u0447\u043d\u044b\u0439 \u043c\u0435\u0434\u043d\u044b\u0439 \u043a\u043e\u0442\u0435\u043b \u0440\u0443\u0447\u043d\u043e\u0439 \u0440\u0430\u0431\u043e\u0442\u044b, \u0438\u0434\u0435\u0430\u043b\u044c\u043d\u043e \u043f\u043e\u0434\u0445\u043e\u0434\u044f\u0449\u0438\u0439 \u0434\u043b\u044f \u043f\u0440\u0438\u0433\u043e\u0442\u043e\u0432\u043b\u0435\u043d\u0438\u044f \u043f\u0438\u0449\u0438 \u043d\u0430 \u043f\u0440\u044f\u043c\u043e\u043c \u043e\u0433\u043d\u0435 \u0438\u043b\u0438 \u043d\u0430 \u0433\u0430\u0437\u043e\u0432\u043e\u0439 \u043f\u043b\u0438\u0442\u0435, \u043e\u043d \u0438\u043c\u0435\u0435\u0442 \u0436\u0435\u043b\u0435\u0437\u043d\u044b\u0439 \u043e\u0431\u043e\u0434, \u043f\u0440\u0438\u0431\u0438\u0442\u044b\u0439 \u043c\u0435\u0434\u043d\u044b\u043c \u00ab\u0440\u0435\u0432\u0438\u0442\u043e\u043c\u00bb, \u0438 \u043f\u0440\u0430\u043a\u0442\u0438\u0447\u043d\u044b\u0439 \u0436\u0435\u043b\u0435\u0437\u043d\u044b\u0439 \u043b\u0443\u043a.<\/span><\/p>\n<p><span data-sheets-value=\"{&quot;1&quot;:2,&quot;2&quot;:&quot;Caldeir\u00e3o em cobre,muito robusta, fabricada \u00e0 m\u00e3o, ideal para cozinhar sobre fogo direto ou utilizando um fog\u00e3o a g\u00e1z, possui um rebordo em ferro cravado com revites de cobre, e um pr\u00e1tico arco em ferro. Os tamanhos mais pequenos podem tamb\u00e9m ser aquecidos com um fog\u00e3o el\u00e9ctrico, N\u00e3o funciona em fog\u00f5es de indu\u00e7\u00e3o. mediante pedido o interior pode ser estanhado. &quot;}\" data-sheets-userformat=\"{&quot;2&quot;:31231,&quot;3&quot;:{&quot;1&quot;:0,&quot;3&quot;:1},&quot;4&quot;:{&quot;1&quot;:3,&quot;3&quot;:2},&quot;5&quot;:{&quot;1&quot;:[{&quot;1&quot;:2,&quot;2&quot;:0,&quot;5&quot;:{&quot;1&quot;:0}},{&quot;1&quot;:0,&quot;2&quot;:0,&quot;3&quot;:3},{&quot;1&quot;:1,&quot;2&quot;:0,&quot;4&quot;:1}]},&quot;6&quot;:{&quot;1&quot;:[{&quot;1&quot;:2,&quot;2&quot;:0,&quot;5&quot;:{&quot;1&quot;:0}},{&quot;1&quot;:0,&quot;2&quot;:0,&quot;3&quot;:3},{&quot;1&quot;:1,&quot;2&quot;:0,&quot;4&quot;:1}]},&quot;7&quot;:{&quot;1&quot;:[{&quot;1&quot;:2,&quot;2&quot;:0,&quot;5&quot;:{&quot;1&quot;:0}},{&quot;1&quot;:0,&quot;2&quot;:0,&quot;3&quot;:3},{&quot;1&quot;:1,&quot;2&quot;:0,&quot;4&quot;:1}]},&quot;8&quot;:{&quot;1&quot;:[{&quot;1&quot;:2,&quot;2&quot;:0,&quot;5&quot;:{&quot;1&quot;:0}},{&quot;1&quot;:0,&quot;2&quot;:0,&quot;3&quot;:3},{&quot;1&quot;:1,&quot;2&quot;:0,&quot;4&quot;:1}]},&quot;9&quot;:0,&quot;10&quot;:0,&quot;11&quot;:4,&quot;14&quot;:{&quot;1&quot;:2,&quot;2&quot;:3355443},&quot;15&quot;:&quot;Rockwell&quot;,&quot;16&quot;:11,&quot;17&quot;:1}\">\u041c\u0435\u043d\u044c\u0448\u0438\u0435 \u0440\u0430\u0437\u043c\u0435\u0440\u044b \u0442\u0430\u043a\u0436\u0435 \u043c\u043e\u0436\u043d\u043e \u043d\u0430\u0433\u0440\u0435\u0432\u0430\u0442\u044c \u0441 \u043f\u043e\u043c\u043e\u0449\u044c\u044e \u044d\u043b\u0435\u043a\u0442\u0440\u0438\u0447\u0435\u0441\u043a\u043e\u0439 \u043f\u043b\u0438\u0442\u044b.<\/span><\/p>\n<p><span","protected":false},"featured_media":6350,"comment_status":"open","ping_status":"closed","template":"","meta":{"_themeisle_gutenberg_block_has_review":false},"product_cat":[262],"product_tag":[],"_links":{"self":[{"href":"https:\/\/coppercrafts.eu\/ru\/wp-json\/wp\/v2\/product\/4467"}],"collection":[{"href":"https:\/\/coppercrafts.eu\/ru\/wp-json\/wp\/v2\/product"}],"about":[{"href":"https:\/\/coppercrafts.eu\/ru\/wp-json\/wp\/v2\/types\/product"}],"replies":[{"embeddable":true,"href":"https:\/\/coppercrafts.eu\/ru\/wp-json\/wp\/v2\/comments?post=4467"}],"wp:featuredmedia":[{"embeddable":true,"href":"https:\/\/coppercrafts.eu\/ru\/wp-json\/wp\/v2\/media\/6350"}],"wp:attachment":[{"href":"https:\/\/coppercrafts.eu\/ru\/wp-json\/wp\/v2\/media?parent=4467"}],"wp:term":[{"taxonomy":"product_cat","embeddable":true,"href":"https:\/\/coppercrafts.eu\/ru\/wp-json\/wp\/v2\/product_cat?post=4467"},{"taxonomy":"product_tag","embeddable":true,"href":"https:\/\/coppercrafts.eu\/ru\/wp-json\/wp\/v2\/product_tag?post=4467"}],"curies":[{"name":"wp","href":"https:\/\/api.w.org\/{rel}","templated":true}]}}