{"id":4340,"date":"2020-12-22T23:37:57","date_gmt":"2020-12-22T23:37:57","guid":{"rendered":"http:\/\/coppercrafts.eu\/product\/produto-247\/"},"modified":"2023-11-06T11:59:47","modified_gmt":"2023-11-06T11:59:47","slug":"produto-247","status":"publish","type":"product","link":"https:\/\/coppercrafts.eu\/ru\/product\/produto-247\/","title":{"rendered":"Essenciador em cobre para separa\u00e7\u00e3o de \u00f3leos essenciais"},"content":{"rendered":"<p>Essenciador em cobre para separa\u00e7\u00e3o de \u00f3leos essenciais<\/p>","protected":false},"excerpt":{"rendered":"<p>Essenciador em cobre para separa\u00e7\u00e3o de \u00f3leos essenciais<\/p>","protected":false},"featured_media":0,"comment_status":"open","ping_status":"closed","template":"","meta":{"_themeisle_gutenberg_block_has_review":false},"product_cat":[67],"product_tag":[],"_links":{"self":[{"href":"https:\/\/coppercrafts.eu\/ru\/wp-json\/wp\/v2\/product\/4340"}],"collection":[{"href":"https:\/\/coppercrafts.eu\/ru\/wp-json\/wp\/v2\/product"}],"about":[{"href":"https:\/\/coppercrafts.eu\/ru\/wp-json\/wp\/v2\/types\/product"}],"replies":[{"embeddable":true,"href":"https:\/\/coppercrafts.eu\/ru\/wp-json\/wp\/v2\/comments?post=4340"}],"wp:attachment":[{"href":"https:\/\/coppercrafts.eu\/ru\/wp-json\/wp\/v2\/media?parent=4340"}],"wp:term":[{"taxonomy":"product_cat","embeddable":true,"href":"https:\/\/coppercrafts.eu\/ru\/wp-json\/wp\/v2\/product_cat?post=4340"},{"taxonomy":"product_tag","embeddable":true,"href":"https:\/\/coppercrafts.eu\/ru\/wp-json\/wp\/v2\/product_tag?post=4340"}],"curies":[{"name":"wp","href":"https:\/\/api.w.org\/{rel}","templated":true}]}}