{"id":5878,"date":"2021-04-26T15:46:34","date_gmt":"2021-04-26T15:46:34","guid":{"rendered":"http:\/\/coppercrafts.eu\/?page_id=5878"},"modified":"2021-04-26T15:46:35","modified_gmt":"2021-04-26T15:46:35","slug":"garantia","status":"publish","type":"page","link":"https:\/\/coppercrafts.eu\/ru\/garantia\/","title":{"rendered":"\u0413\u0430\u0440\u0430\u043d\u0442\u0438\u044f"},"content":{"rendered":"<p>\u041d\u0430 \u0432\u0441\u044e \u043f\u0440\u043e\u0434\u0443\u043a\u0446\u0438\u044e, \u043f\u043e\u0441\u0442\u0430\u0432\u043b\u044f\u0435\u043c\u0443\u044e \u043d\u0430\u0448\u0435\u0439 \u041a\u043e\u043c\u043f\u0430\u043d\u0438\u0435\u0439, \u0440\u0430\u0441\u043f\u0440\u043e\u0441\u0442\u0440\u0430\u043d\u044f\u0435\u0442\u0441\u044f \u0433\u0430\u0440\u0430\u043d\u0442\u0438\u044f 2 \u0433\u043e\u0434\u0430 \u0441 \u043c\u043e\u043c\u0435\u043d\u0442\u0430 \u043f\u043e\u043a\u0443\u043f\u043a\u0438 \u043e\u0442 \u0434\u0435\u0444\u0435\u043a\u0442\u043e\u0432. \u041d\u0430\u0441\u0442\u043e\u044f\u0449\u0430\u044f \u0433\u0430\u0440\u0430\u043d\u0442\u0438\u044f \u043d\u0435 \u043f\u0440\u0438\u043c\u0435\u043d\u044f\u0435\u0442\u0441\u044f, \u043a\u043e\u0433\u0434\u0430 \u0430\u043d\u043e\u043c\u0430\u043b\u0438\u044f \u0432\u043e\u0437\u043d\u0438\u043a\u0430\u0435\u0442 \u0432 \u0440\u0435\u0437\u0443\u043b\u044c\u0442\u0430\u0442\u0435 \u043d\u0435\u043f\u0440\u0430\u0432\u0438\u043b\u044c\u043d\u043e\u0433\u043e \u0438\u0441\u043f\u043e\u043b\u044c\u0437\u043e\u0432\u0430\u043d\u0438\u044f \u043f\u0440\u043e\u0434\u0443\u043a\u0442\u043e\u0432.\u041a\u043e\u043c\u043f\u0430\u043d\u0438\u044f \u043e\u0441\u0442\u0430\u0432\u043b\u044f\u0435\u0442 \u0437\u0430 \u0441\u043e\u0431\u043e\u0439 \u043f\u0440\u0430\u0432\u043e \u043f\u043e \u0441\u0432\u043e\u0435\u043c\u0443 \u0443\u0441\u043c\u043e\u0442\u0440\u0435\u043d\u0438\u044e \u0441\u0443\u0434\u0438\u0442\u044c \u043e \u043f\u0440\u0430\u0432\u0438\u043b\u044c\u043d\u043e\u043c \u0438\u043b\u0438 \u043d\u0435\u043f\u0440\u0430\u0432\u0438\u043b\u044c\u043d\u043e\u043c \u0438\u0441\u043f\u043e\u043b\u044c\u0437\u043e\u0432\u0430\u043d\u0438\u0438 \u043f\u0440\u043e\u0434\u0443\u043a\u0442\u0430 \u0438 \u0441\u043e\u043e\u0442\u0432\u0435\u0442\u0441\u0442\u0432\u0443\u044e\u0449\u0435\u0439 \u0433\u0430\u0440\u0430\u043d\u0442\u0438\u0438.<\/p>\n\n\n\n<p>Coppercrafts\u00ae\ufe0f \u043d\u0435 \u043d\u0435\u0441\u0435\u0442 \u043e\u0442\u0432\u0435\u0442\u0441\u0442\u0432\u0435\u043d\u043d\u043e\u0441\u0442\u0438 \u0437\u0430 \u043b\u044e\u0431\u043e\u0439 \u0443\u0449\u0435\u0440\u0431, \u0432\u043e\u0437\u043d\u0438\u043a\u0448\u0438\u0439 \u0432 \u0440\u0435\u0437\u0443\u043b\u044c\u0442\u0430\u0442\u0435 \u043d\u0435\u043f\u0440\u0430\u0432\u0438\u043b\u044c\u043d\u043e\u0433\u043e \u0438\u0441\u043f\u043e\u043b\u044c\u0437\u043e\u0432\u0430\u043d\u0438\u044f \u043e\u0431\u043e\u0440\u0443\u0434\u043e\u0432\u0430\u043d\u0438\u044f, \u044d\u0442\u043e \u043e\u0433\u0440\u0430\u043d\u0438\u0447\u0435\u043d\u0438\u0435 \u043e\u0442\u0432\u0435\u0442\u0441\u0442\u0432\u0435\u043d\u043d\u043e\u0441\u0442\u0438 \u0440\u0430\u0441\u043f\u0440\u043e\u0441\u0442\u0440\u0430\u043d\u044f\u0435\u0442\u0441\u044f \u043d\u0430 \u0432\u0441\u0435 \u0443\u0431\u044b\u0442\u043a\u0438, \u0432\u043a\u043b\u044e\u0447\u0430\u044f \u043a\u043e\u043c\u043f\u0435\u043d\u0441\u0430\u0446\u0438\u044e, \u043f\u0440\u044f\u043c\u043e\u0439 \u0438 \u043a\u043e\u0441\u0432\u0435\u043d\u043d\u044b\u0439 \u0443\u0449\u0435\u0440\u0431, \u0443\u0442\u0440\u0430\u0442\u0443 \u0438\u043b\u0438 \u043f\u043e\u0432\u0440\u0435\u0436\u0434\u0435\u043d\u0438\u0435 \u0438\u043c\u0443\u0449\u0435\u0441\u0442\u0432\u0430, \u043f\u0440\u0435\u0442\u0435\u043d\u0437\u0438\u0438 \u0442\u0440\u0435\u0442\u044c\u0438\u0445 \u043b\u0438\u0446 \u0438\u043b\u0438 \u0442\u0435\u043b\u0435\u0441\u043d\u044b\u0435 \u043f\u043e\u0432\u0440\u0435\u0436\u0434\u0435\u043d\u0438\u044f, \u0432\u043e\u0437\u043d\u0438\u043a\u0448\u0438\u0435 \u0432 \u0440\u0435\u0437\u0443\u043b\u044c\u0442\u0430\u0442\u0435 \u043d\u0435\u0431\u0440\u0435\u0436\u043d\u043e\u0441\u0442\u0438 \u043f\u043e\u043a\u0443\u043f\u0430\u0442\u0435\u043b\u044f \u043f\u0440\u0438 \u043d\u0435\u043f\u0440\u0430\u0432\u0438\u043b\u044c\u043d\u043e\u043c \u0438\u0441\u043f\u043e\u043b\u044c\u0437\u043e\u0432\u0430\u043d\u0438\u0438 \u043e\u0431\u043e\u0440\u0443\u0434\u043e\u0432\u0430\u043d\u0438\u044f. \u043e\u0431\u043e\u0440\u0443\u0434\u043e\u0432\u0430\u043d\u0438\u0435. \u041c\u044b \u0442\u0430\u043a\u0436\u0435 \u043e\u0441\u0432\u043e\u0431\u043e\u0436\u0434\u0430\u0435\u043c \u0441\u0435\u0431\u044f \u043e\u0442 \u043b\u044e\u0431\u043e\u0439 \u043e\u0442\u0432\u0435\u0442\u0441\u0442\u0432\u0435\u043d\u043d\u043e\u0441\u0442\u0438, \u0441\u0432\u044f\u0437\u0430\u043d\u043d\u043e\u0439 \u0441 \u043f\u043e\u0442\u0440\u0435\u0431\u043b\u0435\u043d\u0438\u0435\u043c \u0438 \u0438\u0441\u043f\u043e\u043b\u044c\u0437\u043e\u0432\u0430\u043d\u0438\u0435\u043c \u043f\u0440\u043e\u0434\u0443\u043a\u0442\u043e\u0432, \u043f\u043e\u043b\u0443\u0447\u0435\u043d\u043d\u044b\u0445 \u0432 \u0440\u0435\u0437\u0443\u043b\u044c\u0442\u0430\u0442\u0435 \u0434\u0438\u0441\u0442\u0438\u043b\u043b\u044f\u0446\u0438\u0438.<\/p>\n\n\n\n<p>\u0411\u043b\u0430\u0433\u043e\u0434\u0430\u0440\u0438\u043c \u0432\u0430\u0441 \u0437\u0430 \u0434\u043e\u0432\u0435\u0440\u0438\u0435 \u043a \u043d\u0430\u0448\u0435\u0439 \u043a\u043e\u043c\u043f\u0430\u043d\u0438\u0438, \u043f\u0440\u0438\u043e\u0431\u0440\u0435\u0442\u044f \u043f\u0440\u043e\u0434\u0443\u043a\u0442 Coppercrafts\u00ae\ufe0f.<br>\u0415\u0441\u043b\u0438 \u0432\u0430\u043c \u043d\u0443\u0436\u043d\u044b \u0434\u043e\u043f\u043e\u043b\u043d\u0438\u0442\u0435\u043b\u044c\u043d\u044b\u0435 \u0440\u0430\u0437\u044a\u044f\u0441\u043d\u0435\u043d\u0438\u044f, \u043e\u0442\u043f\u0440\u0430\u0432\u044c\u0442\u0435 \u044d\u043b\u0435\u043a\u0442\u0440\u043e\u043d\u043d\u043e\u0435 \u043f\u0438\u0441\u044c\u043c\u043e \u043f\u043e \u0430\u0434\u0440\u0435\u0441\u0443: <a href=\"mailto:geral@coppercrafts.eu\">geral@coppercrafts.eu<\/a><\/p>","protected":false},"excerpt":{"rendered":"<p>Todos os produtos fornecidos pela nossa Empresa t\u00eam uma garantia de 2 anos, a contar da data de aquisi\u00e7\u00e3o, contra defeitos. Esta&#8230;<\/p>","protected":false},"author":26,"featured_media":0,"parent":0,"menu_order":0,"comment_status":"closed","ping_status":"closed","template":"","meta":{"_themeisle_gutenberg_block_has_review":false},"_links":{"self":[{"href":"https:\/\/coppercrafts.eu\/ru\/wp-json\/wp\/v2\/pages\/5878"}],"collection":[{"href":"https:\/\/coppercrafts.eu\/ru\/wp-json\/wp\/v2\/pages"}],"about":[{"href":"https:\/\/coppercrafts.eu\/ru\/wp-json\/wp\/v2\/types\/page"}],"author":[{"embeddable":true,"href":"https:\/\/coppercrafts.eu\/ru\/wp-json\/wp\/v2\/users\/26"}],"replies":[{"embeddable":true,"href":"https:\/\/coppercrafts.eu\/ru\/wp-json\/wp\/v2\/comments?post=5878"}],"version-history":[{"count":2,"href":"https:\/\/coppercrafts.eu\/ru\/wp-json\/wp\/v2\/pages\/5878\/revisions"}],"predecessor-version":[{"id":8353,"href":"https:\/\/coppercrafts.eu\/ru\/wp-json\/wp\/v2\/pages\/5878\/revisions\/8353"}],"wp:attachment":[{"href":"https:\/\/coppercrafts.eu\/ru\/wp-json\/wp\/v2\/media?parent=5878"}],"curies":[{"name":"wp","href":"https:\/\/api.w.org\/{rel}","templated":true}]}}