{"id":7713,"date":"2023-11-03T15:41:57","date_gmt":"2023-11-03T15:41:57","guid":{"rendered":"https:\/\/coppercrafts.eu\/?post_type=product&#038;p=7713"},"modified":"2023-11-06T14:56:46","modified_gmt":"2023-11-06T14:56:46","slug":"alambique-profissional-modelo-essence-700l","status":"publish","type":"product","link":"https:\/\/coppercrafts.eu\/fr\/product\/alambique-profissional-modelo-essence-700l\/","title":{"rendered":"Alambique Profissional Modelo Essence 700L"},"content":{"rendered":"<p>Alambique Profissional Modelo Essence 700L<\/p>","protected":false},"excerpt":{"rendered":"<p>Notre \u00e9quipe d'artisans con\u00e7oit et fabrique des \u00e9quipements de distillation qui refl\u00e8tent la beaut\u00e9, la qualit\u00e9 et la performance. Fabriqu\u00e9 \u00e0 la main, selon les besoins de chaque client, rendant chaque pi\u00e8ce unique. Il existe plusieurs types de configurations possibles, selon les boissons que vous souhaitez produire, si vous avez votre projet, <strong><a href=\"https:\/\/coppercrafts.eu\/fr\/\">Nous contacter<\/a><\/strong> nous aurons certainement la solution pour vous!<\/p>\n<p><strong>Alambique Profissional &#8211; Modelo de Essence<\/strong><br \/>\nMade in Portugal<\/p>\n<p><strong>Constituants du produit:<\/strong><br \/>\nCaldeira em Cobre com:<br \/>\n&#8211; Porta Inox AISI<br \/>\n&#8211; Visores<br \/>\n&#8211; V\u00e1lvula de carga<br \/>\n&#8211; V\u00e1lvula de limpeza<br \/>\n&#8211; V\u00e1lvula de seguran\u00e7a<br \/>\n&#8211; Man\u00f3metro<br \/>\n&#8211; Term\u00f3metro<br \/>\nCapacete com:<br \/>\n&#8211; V\u00e1lvula de limpeza, Visores e Term\u00f3metro<br \/>\nCondensador de tubos verticais:<br \/>\n&#8211; Term\u00f3metro e bico de papagaio<br \/>\nSupport pour chaudi\u00e8re et condenseur<\/p>\n<p>&nbsp;<\/p>\n<p><b>&#8230;<\/p>","protected":false},"featured_media":7707,"comment_status":"closed","ping_status":"closed","template":"","meta":{"_themeisle_gutenberg_block_has_review":false},"product_cat":[273,322],"product_tag":[],"_links":{"self":[{"href":"https:\/\/coppercrafts.eu\/fr\/wp-json\/wp\/v2\/product\/7713"}],"collection":[{"href":"https:\/\/coppercrafts.eu\/fr\/wp-json\/wp\/v2\/product"}],"about":[{"href":"https:\/\/coppercrafts.eu\/fr\/wp-json\/wp\/v2\/types\/product"}],"replies":[{"embeddable":true,"href":"https:\/\/coppercrafts.eu\/fr\/wp-json\/wp\/v2\/comments?post=7713"}],"wp:featuredmedia":[{"embeddable":true,"href":"https:\/\/coppercrafts.eu\/fr\/wp-json\/wp\/v2\/media\/7707"}],"wp:attachment":[{"href":"https:\/\/coppercrafts.eu\/fr\/wp-json\/wp\/v2\/media?parent=7713"}],"wp:term":[{"taxonomy":"product_cat","embeddable":true,"href":"https:\/\/coppercrafts.eu\/fr\/wp-json\/wp\/v2\/product_cat?post=7713"},{"taxonomy":"product_tag","embeddable":true,"href":"https:\/\/coppercrafts.eu\/fr\/wp-json\/wp\/v2\/product_tag?post=7713"}],"curies":[{"name":"wp","href":"https:\/\/api.w.org\/{rel}","templated":true}]}}