{"id":5944,"date":"2021-04-27T12:01:50","date_gmt":"2021-04-27T12:01:50","guid":{"rendered":"http:\/\/coppercrafts.eu\/?post_type=product&#038;p=5944"},"modified":"2021-05-27T17:33:06","modified_gmt":"2021-05-27T17:33:06","slug":"alambique-charental-profissional-300-l","status":"publish","type":"product","link":"https:\/\/coppercrafts.eu\/fr\/product\/alambique-charental-profissional-300-l\/","title":{"rendered":"Alambic Charental Professionnel 300L"},"content":{"rendered":"<p><a href=\"https:\/\/coppercrafts.eu\/fr\/curiosidades\/\"><strong>Curiosit\u00e9s<\/strong><\/a><\/p>\n<p>Alambic Charental Professionnel 300L<\/p>","protected":false},"excerpt":{"rendered":"<p>Notre \u00e9quipe d'artisans con\u00e7oit et fabrique des \u00e9quipements de distillation qui refl\u00e8tent la beaut\u00e9, la qualit\u00e9 et la performance. Fabriqu\u00e9 \u00e0 la main, selon les besoins de chaque client, rendant chaque pi\u00e8ce unique. Il existe plusieurs types de configurations possibles, selon les boissons que vous souhaitez produire, si vous avez votre projet, <strong><a href=\"https:\/\/coppercrafts.eu\/fr\/\">Nous contacter<\/a><\/strong> nous aurons certainement la solution pour vous!<\/p>\n<p><strong>Alambic Professionnel - Mod\u00e8le Charental<\/strong><br \/>\nMade in Portugal<\/p>\n<p><strong>Constituants du produit:<\/strong><br \/>\nChaudi\u00e8re et casque en cuivre avec arceaux m\u00e9talliques<br \/>\nPr\u00e9chauffage et casque en cuivre avec arceaux m\u00e9talliques<br \/>\nTuyau de raccordement en cuivre<br \/>\nAgitateur \u00e9lectrique<br \/>\nPorte Inox<br \/>\nValve de remplissage<br \/>\nCIP \u2013 (Clean in Place)<br \/>\nSoupape de s\u00e9curit\u00e9<br \/>\nManom\u00e8tre<br \/>\nThermom\u00e8tres<br \/>\nSoupape de d\u00e9charge<br \/>\nCondenseur de bobines<br \/>\nBec de perroquet<br \/>\nSupport pour chaudi\u00e8re, pr\u00e9chauffeur et condenseur<\/p>\n<p><strong>Optionnelle<\/strong><br \/>\nBr\u00fbleur \u00e0 gaz<br \/>\nSerpentin interne pour le chauffage \u00e0 la vapeur<br \/>\nPorte en verre<br \/>\nVisi\u00e8res en verre<br \/>\nCondenseur \u00e0 tube vertical<\/p>\n<p><b>&#8230;<\/p>","protected":false},"featured_media":5946,"comment_status":"open","ping_status":"closed","template":"","meta":{"_themeisle_gutenberg_block_has_review":false},"product_cat":[305],"product_tag":[],"_links":{"self":[{"href":"https:\/\/coppercrafts.eu\/fr\/wp-json\/wp\/v2\/product\/5944"}],"collection":[{"href":"https:\/\/coppercrafts.eu\/fr\/wp-json\/wp\/v2\/product"}],"about":[{"href":"https:\/\/coppercrafts.eu\/fr\/wp-json\/wp\/v2\/types\/product"}],"replies":[{"embeddable":true,"href":"https:\/\/coppercrafts.eu\/fr\/wp-json\/wp\/v2\/comments?post=5944"}],"wp:featuredmedia":[{"embeddable":true,"href":"https:\/\/coppercrafts.eu\/fr\/wp-json\/wp\/v2\/media\/5946"}],"wp:attachment":[{"href":"https:\/\/coppercrafts.eu\/fr\/wp-json\/wp\/v2\/media?parent=5944"}],"wp:term":[{"taxonomy":"product_cat","embeddable":true,"href":"https:\/\/coppercrafts.eu\/fr\/wp-json\/wp\/v2\/product_cat?post=5944"},{"taxonomy":"product_tag","embeddable":true,"href":"https:\/\/coppercrafts.eu\/fr\/wp-json\/wp\/v2\/product_tag?post=5944"}],"curies":[{"name":"wp","href":"https:\/\/api.w.org\/{rel}","templated":true}]}}