{"id":5799,"date":"2021-04-22T16:19:03","date_gmt":"2021-04-22T16:19:03","guid":{"rendered":"http:\/\/coppercrafts.eu\/?post_type=product&#038;p=5799"},"modified":"2021-05-27T17:38:23","modified_gmt":"2021-05-27T17:38:23","slug":"queimadores-industrial-90cm","status":"publish","type":"product","link":"https:\/\/coppercrafts.eu\/fr\/product\/queimadores-industrial-90cm\/","title":{"rendered":"Br\u00fbleurs Industriels \u00d8 90 cm"},"content":{"rendered":"<p>Br\u00fbleurs Industriels 90cm<\/p>","protected":false},"excerpt":{"rendered":"<p><b>&#8230;<\/p>","protected":false},"featured_media":5800,"comment_status":"open","ping_status":"closed","template":"","meta":{"_themeisle_gutenberg_block_has_review":false},"product_cat":[282],"product_tag":[],"_links":{"self":[{"href":"https:\/\/coppercrafts.eu\/fr\/wp-json\/wp\/v2\/product\/5799"}],"collection":[{"href":"https:\/\/coppercrafts.eu\/fr\/wp-json\/wp\/v2\/product"}],"about":[{"href":"https:\/\/coppercrafts.eu\/fr\/wp-json\/wp\/v2\/types\/product"}],"replies":[{"embeddable":true,"href":"https:\/\/coppercrafts.eu\/fr\/wp-json\/wp\/v2\/comments?post=5799"}],"wp:featuredmedia":[{"embeddable":true,"href":"https:\/\/coppercrafts.eu\/fr\/wp-json\/wp\/v2\/media\/5800"}],"wp:attachment":[{"href":"https:\/\/coppercrafts.eu\/fr\/wp-json\/wp\/v2\/media?parent=5799"}],"wp:term":[{"taxonomy":"product_cat","embeddable":true,"href":"https:\/\/coppercrafts.eu\/fr\/wp-json\/wp\/v2\/product_cat?post=5799"},{"taxonomy":"product_tag","embeddable":true,"href":"https:\/\/coppercrafts.eu\/fr\/wp-json\/wp\/v2\/product_tag?post=5799"}],"curies":[{"name":"wp","href":"https:\/\/api.w.org\/{rel}","templated":true}]}}