{"id":5797,"date":"2021-04-22T16:16:47","date_gmt":"2021-04-22T16:16:47","guid":{"rendered":"http:\/\/coppercrafts.eu\/?post_type=product&#038;p=5797"},"modified":"2021-05-27T17:38:33","modified_gmt":"2021-05-27T17:38:33","slug":"queimadores-profissionais-90cm","status":"publish","type":"product","link":"https:\/\/coppercrafts.eu\/fr\/product\/queimadores-profissionais-90cm\/","title":{"rendered":"Br\u00fbleurs Professionnels \u00d8 90 cm"},"content":{"rendered":"<p>Br\u00fbleurs Professionnels \u00d8 70 cm<\/p>","protected":false},"excerpt":{"rendered":"<p><b>&#8230;<\/p>","protected":false},"featured_media":5798,"comment_status":"open","ping_status":"closed","template":"","meta":{"_themeisle_gutenberg_block_has_review":false},"product_cat":[281],"product_tag":[],"_links":{"self":[{"href":"https:\/\/coppercrafts.eu\/fr\/wp-json\/wp\/v2\/product\/5797"}],"collection":[{"href":"https:\/\/coppercrafts.eu\/fr\/wp-json\/wp\/v2\/product"}],"about":[{"href":"https:\/\/coppercrafts.eu\/fr\/wp-json\/wp\/v2\/types\/product"}],"replies":[{"embeddable":true,"href":"https:\/\/coppercrafts.eu\/fr\/wp-json\/wp\/v2\/comments?post=5797"}],"wp:featuredmedia":[{"embeddable":true,"href":"https:\/\/coppercrafts.eu\/fr\/wp-json\/wp\/v2\/media\/5798"}],"wp:attachment":[{"href":"https:\/\/coppercrafts.eu\/fr\/wp-json\/wp\/v2\/media?parent=5797"}],"wp:term":[{"taxonomy":"product_cat","embeddable":true,"href":"https:\/\/coppercrafts.eu\/fr\/wp-json\/wp\/v2\/product_cat?post=5797"},{"taxonomy":"product_tag","embeddable":true,"href":"https:\/\/coppercrafts.eu\/fr\/wp-json\/wp\/v2\/product_tag?post=5797"}],"curies":[{"name":"wp","href":"https:\/\/api.w.org\/{rel}","templated":true}]}}