{"id":5737,"date":"2021-04-13T14:52:20","date_gmt":"2021-04-13T14:52:20","guid":{"rendered":"http:\/\/coppercrafts.eu\/?post_type=product&#038;p=5737"},"modified":"2023-11-06T13:15:15","modified_gmt":"2023-11-06T13:15:15","slug":"chaleira-em-cobre-2-5-litros-1-acabamento-liso","status":"publish","type":"product","link":"https:\/\/coppercrafts.eu\/fr\/product\/chaleira-em-cobre-2-5-litros-1-acabamento-liso\/","title":{"rendered":"Bouilloire Cuivre 2.5L \u2013 N\u00ba1 Finition Lisse"},"content":{"rendered":"<p>Bouilloire Cuivre 2.5L \u2013 N\u00ba1 Finition Lisse<\/p>","protected":false},"excerpt":{"rendered":"<p>Classiques, \u00e9l\u00e9gantes et intemporelles, ces bouilloires sont en cuivre pur \u00e0 99,9%, \u00e9tam\u00e9 \u00e0 l'int\u00e9rieur.<\/p>\n<p>Gr\u00e2ce aux caract\u00e9ristiques thermiques incomparables du cuivre, ces bouilloires seront certainement la pi\u00e8ce parfaite pour faire toutes sortes de th\u00e9.<\/p>\n<p>Finition ext\u00e9rieure polie et poign\u00e9e en porcelaine.<\/p>\n<p><b>&#8230;<\/p>","protected":false},"featured_media":6487,"comment_status":"open","ping_status":"closed","template":"","meta":{"_themeisle_gutenberg_block_has_review":false},"product_cat":[183],"product_tag":[],"_links":{"self":[{"href":"https:\/\/coppercrafts.eu\/fr\/wp-json\/wp\/v2\/product\/5737"}],"collection":[{"href":"https:\/\/coppercrafts.eu\/fr\/wp-json\/wp\/v2\/product"}],"about":[{"href":"https:\/\/coppercrafts.eu\/fr\/wp-json\/wp\/v2\/types\/product"}],"replies":[{"embeddable":true,"href":"https:\/\/coppercrafts.eu\/fr\/wp-json\/wp\/v2\/comments?post=5737"}],"wp:featuredmedia":[{"embeddable":true,"href":"https:\/\/coppercrafts.eu\/fr\/wp-json\/wp\/v2\/media\/6487"}],"wp:attachment":[{"href":"https:\/\/coppercrafts.eu\/fr\/wp-json\/wp\/v2\/media?parent=5737"}],"wp:term":[{"taxonomy":"product_cat","embeddable":true,"href":"https:\/\/coppercrafts.eu\/fr\/wp-json\/wp\/v2\/product_cat?post=5737"},{"taxonomy":"product_tag","embeddable":true,"href":"https:\/\/coppercrafts.eu\/fr\/wp-json\/wp\/v2\/product_tag?post=5737"}],"curies":[{"name":"wp","href":"https:\/\/api.w.org\/{rel}","templated":true}]}}