{"id":5731,"date":"2021-04-13T14:45:10","date_gmt":"2021-04-13T14:45:10","guid":{"rendered":"http:\/\/coppercrafts.eu\/?post_type=product&#038;p=5731"},"modified":"2023-11-06T13:15:15","modified_gmt":"2023-11-06T13:15:15","slug":"taca-salada","status":"publish","type":"product","link":"https:\/\/coppercrafts.eu\/fr\/product\/taca-salada\/","title":{"rendered":"Ta\u00e7a Salada 14 cm"},"content":{"rendered":"<p>Ta\u00e7a Salada 14cm<\/p>","protected":false},"excerpt":{"rendered":"<p>Esta esplendida saladeira ir\u00e1 completar primorosamente as suas refei\u00e7\u00f5es, fabricada em cobre 99.9 % puro e com o interior liso, ser\u00e1 certamente um complemento de eleg\u00e2ncia na sua mesa.<\/p>\n<p><b>&#8230;<\/p>","protected":false},"featured_media":5732,"comment_status":"open","ping_status":"closed","template":"","meta":{"_themeisle_gutenberg_block_has_review":false},"product_cat":[186],"product_tag":[],"_links":{"self":[{"href":"https:\/\/coppercrafts.eu\/fr\/wp-json\/wp\/v2\/product\/5731"}],"collection":[{"href":"https:\/\/coppercrafts.eu\/fr\/wp-json\/wp\/v2\/product"}],"about":[{"href":"https:\/\/coppercrafts.eu\/fr\/wp-json\/wp\/v2\/types\/product"}],"replies":[{"embeddable":true,"href":"https:\/\/coppercrafts.eu\/fr\/wp-json\/wp\/v2\/comments?post=5731"}],"wp:featuredmedia":[{"embeddable":true,"href":"https:\/\/coppercrafts.eu\/fr\/wp-json\/wp\/v2\/media\/5732"}],"wp:attachment":[{"href":"https:\/\/coppercrafts.eu\/fr\/wp-json\/wp\/v2\/media?parent=5731"}],"wp:term":[{"taxonomy":"product_cat","embeddable":true,"href":"https:\/\/coppercrafts.eu\/fr\/wp-json\/wp\/v2\/product_cat?post=5731"},{"taxonomy":"product_tag","embeddable":true,"href":"https:\/\/coppercrafts.eu\/fr\/wp-json\/wp\/v2\/product_tag?post=5731"}],"curies":[{"name":"wp","href":"https:\/\/api.w.org\/{rel}","templated":true}]}}