{"id":5725,"date":"2021-04-13T14:37:32","date_gmt":"2021-04-13T14:37:32","guid":{"rendered":"http:\/\/coppercrafts.eu\/?post_type=product&#038;p=5725"},"modified":"2023-11-06T13:15:15","modified_gmt":"2023-11-06T13:15:15","slug":"forma-pudim","status":"publish","type":"product","link":"https:\/\/coppercrafts.eu\/fr\/product\/forma-pudim\/","title":{"rendered":"Po\u00eale \u00e0 Pudding"},"content":{"rendered":"<p>Po\u00eale \u00e0 Pudding<\/p>","protected":false},"excerpt":{"rendered":"<p>Forma em cobre 99.9 % puro,\u00a0 estanhada no interior.<\/p>\n<p>Gra\u00e7as as propriedades t\u00e9rmicas do cobre, a pastelaria \u00e9 real\u00e7ada usando utens\u00edlios de cobre, neste caso carameliza de forma adequada.<\/p>\n<p><b>&#8230;<\/p>","protected":false},"featured_media":5726,"comment_status":"open","ping_status":"closed","template":"","meta":{"_themeisle_gutenberg_block_has_review":false},"product_cat":[186],"product_tag":[],"_links":{"self":[{"href":"https:\/\/coppercrafts.eu\/fr\/wp-json\/wp\/v2\/product\/5725"}],"collection":[{"href":"https:\/\/coppercrafts.eu\/fr\/wp-json\/wp\/v2\/product"}],"about":[{"href":"https:\/\/coppercrafts.eu\/fr\/wp-json\/wp\/v2\/types\/product"}],"replies":[{"embeddable":true,"href":"https:\/\/coppercrafts.eu\/fr\/wp-json\/wp\/v2\/comments?post=5725"}],"wp:featuredmedia":[{"embeddable":true,"href":"https:\/\/coppercrafts.eu\/fr\/wp-json\/wp\/v2\/media\/5726"}],"wp:attachment":[{"href":"https:\/\/coppercrafts.eu\/fr\/wp-json\/wp\/v2\/media?parent=5725"}],"wp:term":[{"taxonomy":"product_cat","embeddable":true,"href":"https:\/\/coppercrafts.eu\/fr\/wp-json\/wp\/v2\/product_cat?post=5725"},{"taxonomy":"product_tag","embeddable":true,"href":"https:\/\/coppercrafts.eu\/fr\/wp-json\/wp\/v2\/product_tag?post=5725"}],"curies":[{"name":"wp","href":"https:\/\/api.w.org\/{rel}","templated":true}]}}