{"id":5715,"date":"2021-04-13T14:06:08","date_gmt":"2021-04-13T14:06:08","guid":{"rendered":"http:\/\/coppercrafts.eu\/?post_type=product&#038;p=5715"},"modified":"2023-11-06T13:15:15","modified_gmt":"2023-11-06T13:15:15","slug":"coador-c-cabo-28cm","status":"publish","type":"product","link":"https:\/\/coppercrafts.eu\/fr\/product\/coador-c-cabo-28cm\/","title":{"rendered":"Coador c\/ Cabo \u00d8 28cm"},"content":{"rendered":"<p>Coador c\/cabo 28cm<\/p>","protected":false},"excerpt":{"rendered":"<p>Este coador de cobre \u00e9 a ferramenta perfeita para sua cozinha, \u00e9 um produto muito especial fabricado em cobre 99.9% puro e revestido com estanho na superf\u00edcie interna, possui um cabo em porcelana para facilitar o manuseio.<\/p>\n<p><b>&#8230;<\/p>","protected":false},"featured_media":5717,"comment_status":"open","ping_status":"closed","template":"","meta":{"_themeisle_gutenberg_block_has_review":false},"product_cat":[186],"product_tag":[],"_links":{"self":[{"href":"https:\/\/coppercrafts.eu\/fr\/wp-json\/wp\/v2\/product\/5715"}],"collection":[{"href":"https:\/\/coppercrafts.eu\/fr\/wp-json\/wp\/v2\/product"}],"about":[{"href":"https:\/\/coppercrafts.eu\/fr\/wp-json\/wp\/v2\/types\/product"}],"replies":[{"embeddable":true,"href":"https:\/\/coppercrafts.eu\/fr\/wp-json\/wp\/v2\/comments?post=5715"}],"wp:featuredmedia":[{"embeddable":true,"href":"https:\/\/coppercrafts.eu\/fr\/wp-json\/wp\/v2\/media\/5717"}],"wp:attachment":[{"href":"https:\/\/coppercrafts.eu\/fr\/wp-json\/wp\/v2\/media?parent=5715"}],"wp:term":[{"taxonomy":"product_cat","embeddable":true,"href":"https:\/\/coppercrafts.eu\/fr\/wp-json\/wp\/v2\/product_cat?post=5715"},{"taxonomy":"product_tag","embeddable":true,"href":"https:\/\/coppercrafts.eu\/fr\/wp-json\/wp\/v2\/product_tag?post=5715"}],"curies":[{"name":"wp","href":"https:\/\/api.w.org\/{rel}","templated":true}]}}