{"id":5714,"date":"2021-04-13T14:05:02","date_gmt":"2021-04-13T14:05:02","guid":{"rendered":"http:\/\/coppercrafts.eu\/?post_type=product&#038;p=5714"},"modified":"2023-11-06T13:15:15","modified_gmt":"2023-11-06T13:15:15","slug":"coador-c-base-24cm","status":"publish","type":"product","link":"https:\/\/coppercrafts.eu\/fr\/product\/coador-c-base-24cm\/","title":{"rendered":"Coador c\/ Base \u00d8 24cm"},"content":{"rendered":"<p>Coador c\/base 24cm<\/p>","protected":false},"excerpt":{"rendered":"<p>Este coador de cobre \u00e9 a ferramenta perfeita para sua cozinha, \u00e9 um produto muito especial fabricado em cobre 99.9% puro e revestido com estanho na superf\u00edcie interna, possui um par de belas al\u00e7as de bronze funcionais para lhe conferir um design exclusivo<\/p>\n<p><b>&#8230;<\/p>","protected":false},"featured_media":5720,"comment_status":"open","ping_status":"closed","template":"","meta":{"_themeisle_gutenberg_block_has_review":false},"product_cat":[186],"product_tag":[],"_links":{"self":[{"href":"https:\/\/coppercrafts.eu\/fr\/wp-json\/wp\/v2\/product\/5714"}],"collection":[{"href":"https:\/\/coppercrafts.eu\/fr\/wp-json\/wp\/v2\/product"}],"about":[{"href":"https:\/\/coppercrafts.eu\/fr\/wp-json\/wp\/v2\/types\/product"}],"replies":[{"embeddable":true,"href":"https:\/\/coppercrafts.eu\/fr\/wp-json\/wp\/v2\/comments?post=5714"}],"wp:featuredmedia":[{"embeddable":true,"href":"https:\/\/coppercrafts.eu\/fr\/wp-json\/wp\/v2\/media\/5720"}],"wp:attachment":[{"href":"https:\/\/coppercrafts.eu\/fr\/wp-json\/wp\/v2\/media?parent=5714"}],"wp:term":[{"taxonomy":"product_cat","embeddable":true,"href":"https:\/\/coppercrafts.eu\/fr\/wp-json\/wp\/v2\/product_cat?post=5714"},{"taxonomy":"product_tag","embeddable":true,"href":"https:\/\/coppercrafts.eu\/fr\/wp-json\/wp\/v2\/product_tag?post=5714"}],"curies":[{"name":"wp","href":"https:\/\/api.w.org\/{rel}","templated":true}]}}