{"id":4657,"date":"2020-12-22T23:39:01","date_gmt":"2020-12-22T23:39:01","guid":{"rendered":"http:\/\/coppercrafts.eu\/product\/produto-564\/"},"modified":"2023-11-06T13:15:16","modified_gmt":"2023-11-06T13:15:16","slug":"produto-564","status":"publish","type":"product","link":"https:\/\/coppercrafts.eu\/fr\/product\/produto-564\/","title":{"rendered":"Fondue Cuivre avec Support Fer"},"content":{"rendered":"<p>Fondue Cuivre avec Support Fer<\/p>","protected":false},"excerpt":{"rendered":"<div id=\"product-description-short-118\" class=\"product-description-short mb-3\">\n<p>Fondue compl\u00e8te r\u00e9alis\u00e9e en cuivre, et int\u00e9rieur \u00e9tam\u00e9.<\/p>\n<p>Comprend une plaque de cuivre, six petits verres, une lampe chauffante, un support en m\u00e9tal et un manche en bois.<\/p>\n<p><b>&#8230;<\/p>","protected":false},"featured_media":6516,"comment_status":"open","ping_status":"closed","template":"","meta":{"_themeisle_gutenberg_block_has_review":false},"product_cat":[271,186],"product_tag":[],"_links":{"self":[{"href":"https:\/\/coppercrafts.eu\/fr\/wp-json\/wp\/v2\/product\/4657"}],"collection":[{"href":"https:\/\/coppercrafts.eu\/fr\/wp-json\/wp\/v2\/product"}],"about":[{"href":"https:\/\/coppercrafts.eu\/fr\/wp-json\/wp\/v2\/types\/product"}],"replies":[{"embeddable":true,"href":"https:\/\/coppercrafts.eu\/fr\/wp-json\/wp\/v2\/comments?post=4657"}],"wp:featuredmedia":[{"embeddable":true,"href":"https:\/\/coppercrafts.eu\/fr\/wp-json\/wp\/v2\/media\/6516"}],"wp:attachment":[{"href":"https:\/\/coppercrafts.eu\/fr\/wp-json\/wp\/v2\/media?parent=4657"}],"wp:term":[{"taxonomy":"product_cat","embeddable":true,"href":"https:\/\/coppercrafts.eu\/fr\/wp-json\/wp\/v2\/product_cat?post=4657"},{"taxonomy":"product_tag","embeddable":true,"href":"https:\/\/coppercrafts.eu\/fr\/wp-json\/wp\/v2\/product_tag?post=4657"}],"curies":[{"name":"wp","href":"https:\/\/api.w.org\/{rel}","templated":true}]}}