{"id":4656,"date":"2020-12-22T23:39:00","date_gmt":"2020-12-22T23:39:00","guid":{"rendered":"http:\/\/coppercrafts.eu\/product\/produto-563\/"},"modified":"2023-11-06T13:20:05","modified_gmt":"2023-11-06T13:20:05","slug":"produto-563","status":"publish","type":"product","link":"https:\/\/coppercrafts.eu\/fr\/product\/produto-563\/","title":{"rendered":"Fondue Cuivre avec Support M\u00e9tallique"},"content":{"rendered":"<p>Fondue Cuivre avec Support M\u00e9tallique<\/p>","protected":false},"excerpt":{"rendered":"<div id=\"product-description-short-118\" class=\"product-description-short mb-3\">\n<p>Fondue compl\u00e8te r\u00e9alis\u00e9e en cuivre, et int\u00e9rieur \u00e9tam\u00e9.<\/p>\n<p>Comprend une plaque de cuivre, six petits verres, une lampe chauffante, un support en m\u00e9tal et un manche en bois.<\/p>\n<p><b>&#8230;<\/p>","protected":false},"featured_media":6517,"comment_status":"open","ping_status":"closed","template":"","meta":{"_themeisle_gutenberg_block_has_review":false},"product_cat":[271,186],"product_tag":[],"_links":{"self":[{"href":"https:\/\/coppercrafts.eu\/fr\/wp-json\/wp\/v2\/product\/4656"}],"collection":[{"href":"https:\/\/coppercrafts.eu\/fr\/wp-json\/wp\/v2\/product"}],"about":[{"href":"https:\/\/coppercrafts.eu\/fr\/wp-json\/wp\/v2\/types\/product"}],"replies":[{"embeddable":true,"href":"https:\/\/coppercrafts.eu\/fr\/wp-json\/wp\/v2\/comments?post=4656"}],"wp:featuredmedia":[{"embeddable":true,"href":"https:\/\/coppercrafts.eu\/fr\/wp-json\/wp\/v2\/media\/6517"}],"wp:attachment":[{"href":"https:\/\/coppercrafts.eu\/fr\/wp-json\/wp\/v2\/media?parent=4656"}],"wp:term":[{"taxonomy":"product_cat","embeddable":true,"href":"https:\/\/coppercrafts.eu\/fr\/wp-json\/wp\/v2\/product_cat?post=4656"},{"taxonomy":"product_tag","embeddable":true,"href":"https:\/\/coppercrafts.eu\/fr\/wp-json\/wp\/v2\/product_tag?post=4656"}],"curies":[{"name":"wp","href":"https:\/\/api.w.org\/{rel}","templated":true}]}}