{"id":4653,"date":"2020-12-22T23:39:00","date_gmt":"2020-12-22T23:39:00","guid":{"rendered":"http:\/\/coppercrafts.eu\/product\/produto-560\/"},"modified":"2023-11-06T13:20:05","modified_gmt":"2023-11-06T13:20:05","slug":"produto-560","status":"publish","type":"product","link":"https:\/\/coppercrafts.eu\/fr\/product\/produto-560\/","title":{"rendered":"Bi\u00e8re Cuivre Tasse 0.2L"},"content":{"rendered":"<p>Bi\u00e8re Cuivre Tasse 0.2L<\/p>","protected":false},"excerpt":{"rendered":"<p>La tasse en cuivre pur \u00e0 99,9% est une imitation des tasses en verre traditionnelles utilis\u00e9es pour servir la bi\u00e8re.<\/p>\n<p>\u00c9tam\u00e9 \u00e0 l'int\u00e9rieur.<\/p>\n<p dir=\"ltr\" data-placeholder=\"Tradu\u00e7\u00e3o\"><b>&#8230;<\/p>","protected":false},"featured_media":4968,"comment_status":"open","ping_status":"closed","template":"","meta":{"_themeisle_gutenberg_block_has_review":false},"product_cat":[189],"product_tag":[],"_links":{"self":[{"href":"https:\/\/coppercrafts.eu\/fr\/wp-json\/wp\/v2\/product\/4653"}],"collection":[{"href":"https:\/\/coppercrafts.eu\/fr\/wp-json\/wp\/v2\/product"}],"about":[{"href":"https:\/\/coppercrafts.eu\/fr\/wp-json\/wp\/v2\/types\/product"}],"replies":[{"embeddable":true,"href":"https:\/\/coppercrafts.eu\/fr\/wp-json\/wp\/v2\/comments?post=4653"}],"wp:featuredmedia":[{"embeddable":true,"href":"https:\/\/coppercrafts.eu\/fr\/wp-json\/wp\/v2\/media\/4968"}],"wp:attachment":[{"href":"https:\/\/coppercrafts.eu\/fr\/wp-json\/wp\/v2\/media?parent=4653"}],"wp:term":[{"taxonomy":"product_cat","embeddable":true,"href":"https:\/\/coppercrafts.eu\/fr\/wp-json\/wp\/v2\/product_cat?post=4653"},{"taxonomy":"product_tag","embeddable":true,"href":"https:\/\/coppercrafts.eu\/fr\/wp-json\/wp\/v2\/product_tag?post=4653"}],"curies":[{"name":"wp","href":"https:\/\/api.w.org\/{rel}","templated":true}]}}