{"id":4650,"date":"2020-12-22T23:38:59","date_gmt":"2020-12-22T23:38:59","guid":{"rendered":"http:\/\/coppercrafts.eu\/product\/produto-557\/"},"modified":"2023-11-06T13:20:05","modified_gmt":"2023-11-06T13:20:05","slug":"produto-557","status":"publish","type":"product","link":"https:\/\/coppercrafts.eu\/fr\/product\/produto-557\/","title":{"rendered":"Mug Cuivre 1L"},"content":{"rendered":"<p>Mug Cuivre 1L<\/p>","protected":false},"excerpt":{"rendered":"<p>Alliant style moderne et savoir-faire ancien, nous avons cr\u00e9\u00e9 notre mug \"Moscow Mule\", compos\u00e9 \u00e0 99,9% de cuivre, ce sera certainement le mug id\u00e9al pour d\u00e9guster vos boissons seul ou avec vos invit\u00e9s.<\/p>\n<p>Aile en m\u00e9tal<\/p>\n<p>Mat\u00e9riau robuste con\u00e7u pour durer des g\u00e9n\u00e9rations.<\/p>\n<p><b>&#8230;<\/p>","protected":false},"featured_media":5406,"comment_status":"open","ping_status":"closed","template":"","meta":{"_themeisle_gutenberg_block_has_review":false},"product_cat":[189],"product_tag":[],"_links":{"self":[{"href":"https:\/\/coppercrafts.eu\/fr\/wp-json\/wp\/v2\/product\/4650"}],"collection":[{"href":"https:\/\/coppercrafts.eu\/fr\/wp-json\/wp\/v2\/product"}],"about":[{"href":"https:\/\/coppercrafts.eu\/fr\/wp-json\/wp\/v2\/types\/product"}],"replies":[{"embeddable":true,"href":"https:\/\/coppercrafts.eu\/fr\/wp-json\/wp\/v2\/comments?post=4650"}],"wp:featuredmedia":[{"embeddable":true,"href":"https:\/\/coppercrafts.eu\/fr\/wp-json\/wp\/v2\/media\/5406"}],"wp:attachment":[{"href":"https:\/\/coppercrafts.eu\/fr\/wp-json\/wp\/v2\/media?parent=4650"}],"wp:term":[{"taxonomy":"product_cat","embeddable":true,"href":"https:\/\/coppercrafts.eu\/fr\/wp-json\/wp\/v2\/product_cat?post=4650"},{"taxonomy":"product_tag","embeddable":true,"href":"https:\/\/coppercrafts.eu\/fr\/wp-json\/wp\/v2\/product_tag?post=4650"}],"curies":[{"name":"wp","href":"https:\/\/api.w.org\/{rel}","templated":true}]}}