{"id":4638,"date":"2020-12-22T23:38:57","date_gmt":"2020-12-22T23:38:57","guid":{"rendered":"http:\/\/coppercrafts.eu\/product\/produto-545\/"},"modified":"2023-11-06T13:20:06","modified_gmt":"2023-11-06T13:20:06","slug":"produto-545","status":"publish","type":"product","link":"https:\/\/coppercrafts.eu\/fr\/product\/produto-545\/","title":{"rendered":"Cafeti\u00e8re en cuivre 1.5L"},"content":{"rendered":"<p>Cafeti\u00e8re en cuivre 1.5L<\/p>","protected":false},"excerpt":{"rendered":"<p>Cafeti\u00e8re en cuivre pur \u00e0 99,9%, recouverte \u00e0 l'int\u00e9rieur d'\u00e9tain, excellente pour chauffer tout type de liquide, comme le caf\u00e9, le chocolat et diverses boissons alcoolis\u00e9es.<\/p>\n<p><b>&#8230;<\/p>","protected":false},"featured_media":6506,"comment_status":"open","ping_status":"closed","template":"","meta":{"_themeisle_gutenberg_block_has_review":false},"product_cat":[185],"product_tag":[],"_links":{"self":[{"href":"https:\/\/coppercrafts.eu\/fr\/wp-json\/wp\/v2\/product\/4638"}],"collection":[{"href":"https:\/\/coppercrafts.eu\/fr\/wp-json\/wp\/v2\/product"}],"about":[{"href":"https:\/\/coppercrafts.eu\/fr\/wp-json\/wp\/v2\/types\/product"}],"replies":[{"embeddable":true,"href":"https:\/\/coppercrafts.eu\/fr\/wp-json\/wp\/v2\/comments?post=4638"}],"wp:featuredmedia":[{"embeddable":true,"href":"https:\/\/coppercrafts.eu\/fr\/wp-json\/wp\/v2\/media\/6506"}],"wp:attachment":[{"href":"https:\/\/coppercrafts.eu\/fr\/wp-json\/wp\/v2\/media?parent=4638"}],"wp:term":[{"taxonomy":"product_cat","embeddable":true,"href":"https:\/\/coppercrafts.eu\/fr\/wp-json\/wp\/v2\/product_cat?post=4638"},{"taxonomy":"product_tag","embeddable":true,"href":"https:\/\/coppercrafts.eu\/fr\/wp-json\/wp\/v2\/product_tag?post=4638"}],"curies":[{"name":"wp","href":"https:\/\/api.w.org\/{rel}","templated":true}]}}