{"id":4637,"date":"2020-12-22T23:38:57","date_gmt":"2020-12-22T23:38:57","guid":{"rendered":"http:\/\/coppercrafts.eu\/product\/produto-544\/"},"modified":"2023-11-06T13:20:06","modified_gmt":"2023-11-06T13:20:06","slug":"produto-544","status":"publish","type":"product","link":"https:\/\/coppercrafts.eu\/fr\/product\/produto-544\/","title":{"rendered":"Cafeti\u00e8re en cuivre avec support 2.5L"},"content":{"rendered":"<p>Cafeti\u00e8re en cuivre avec support 2.5L<\/p>","protected":false},"excerpt":{"rendered":"<p>Cafeteira fabricada em Cobre 99.9% puro, revestida no interior com estanho, inclui ainda suporte em ferro, um porta-vela com suporte e 1 copo em cobre.<\/p>\n<p>Excelente para aquecer qualquer tipo de l\u00edquido, como caf\u00e9, chocolate e diversas bebidas alco\u00f3licas,\u00a0 em Portugal e Espanha \u00e9 usada essencialmente para aquecer vinho ou mel, sendo a cafeteira colocada a aquecer no fog\u00e3o s seguidamente colocada no suporte onde\u00a0 bebida \u00e9 mantida quente atrav\u00e9s da vela.<\/p>\n<p>\u00c9 o Utensilio ideal se pretende fazer vinhos como o Gl\u00fchwein (bebida alem\u00e3), igualmente conhecida como vin chaud (vinho quente) em Fran\u00e7a ou vin brul\u00e8 na It\u00e1lia.<\/p>\n<p><b>&#8230;<\/p>","protected":false},"featured_media":4957,"comment_status":"open","ping_status":"closed","template":"","meta":{"_themeisle_gutenberg_block_has_review":false},"product_cat":[185],"product_tag":[],"_links":{"self":[{"href":"https:\/\/coppercrafts.eu\/fr\/wp-json\/wp\/v2\/product\/4637"}],"collection":[{"href":"https:\/\/coppercrafts.eu\/fr\/wp-json\/wp\/v2\/product"}],"about":[{"href":"https:\/\/coppercrafts.eu\/fr\/wp-json\/wp\/v2\/types\/product"}],"replies":[{"embeddable":true,"href":"https:\/\/coppercrafts.eu\/fr\/wp-json\/wp\/v2\/comments?post=4637"}],"wp:featuredmedia":[{"embeddable":true,"href":"https:\/\/coppercrafts.eu\/fr\/wp-json\/wp\/v2\/media\/4957"}],"wp:attachment":[{"href":"https:\/\/coppercrafts.eu\/fr\/wp-json\/wp\/v2\/media?parent=4637"}],"wp:term":[{"taxonomy":"product_cat","embeddable":true,"href":"https:\/\/coppercrafts.eu\/fr\/wp-json\/wp\/v2\/product_cat?post=4637"},{"taxonomy":"product_tag","embeddable":true,"href":"https:\/\/coppercrafts.eu\/fr\/wp-json\/wp\/v2\/product_tag?post=4637"}],"curies":[{"name":"wp","href":"https:\/\/api.w.org\/{rel}","templated":true}]}}