{"id":4633,"date":"2020-12-22T23:38:56","date_gmt":"2020-12-22T23:38:56","guid":{"rendered":"http:\/\/coppercrafts.eu\/product\/produto-540\/"},"modified":"2023-11-06T13:21:19","modified_gmt":"2023-11-06T13:21:19","slug":"produto-540","status":"publish","type":"product","link":"https:\/\/coppercrafts.eu\/fr\/product\/produto-540\/","title":{"rendered":"Chaleira em Cobre &#8211; Modelo Juncal"},"content":{"rendered":"<p>Chaleira em Cobre &#8211; Modelo Juncal 1.5 litros at\u00e9 3.5 litros<\/p>","protected":false},"excerpt":{"rendered":"<p>Classiques, \u00e9l\u00e9gantes et intemporelles, ces bouilloires sont en cuivre pur \u00e0 99,9%, \u00e9tam\u00e9 \u00e0 l'int\u00e9rieur.<\/p>\n<p>Gr\u00e2ce aux caract\u00e9ristiques thermiques incomparables du cuivre, ces bouilloires seront certainement la pi\u00e8ce parfaite pour faire toutes sortes de th\u00e9.<\/p>\n<p>Finition ext\u00e9rieure martel\u00e9e, bec en m\u00e9tal et manche en bois<\/p>\n<p dir=\"ltr\" data-placeholder=\"Tradu\u00e7\u00e3o\"><b>&#8230;<\/p>","protected":false},"featured_media":6494,"comment_status":"open","ping_status":"closed","template":"","meta":{"_themeisle_gutenberg_block_has_review":false},"product_cat":[183],"product_tag":[],"_links":{"self":[{"href":"https:\/\/coppercrafts.eu\/fr\/wp-json\/wp\/v2\/product\/4633"}],"collection":[{"href":"https:\/\/coppercrafts.eu\/fr\/wp-json\/wp\/v2\/product"}],"about":[{"href":"https:\/\/coppercrafts.eu\/fr\/wp-json\/wp\/v2\/types\/product"}],"replies":[{"embeddable":true,"href":"https:\/\/coppercrafts.eu\/fr\/wp-json\/wp\/v2\/comments?post=4633"}],"wp:featuredmedia":[{"embeddable":true,"href":"https:\/\/coppercrafts.eu\/fr\/wp-json\/wp\/v2\/media\/6494"}],"wp:attachment":[{"href":"https:\/\/coppercrafts.eu\/fr\/wp-json\/wp\/v2\/media?parent=4633"}],"wp:term":[{"taxonomy":"product_cat","embeddable":true,"href":"https:\/\/coppercrafts.eu\/fr\/wp-json\/wp\/v2\/product_cat?post=4633"},{"taxonomy":"product_tag","embeddable":true,"href":"https:\/\/coppercrafts.eu\/fr\/wp-json\/wp\/v2\/product_tag?post=4633"}],"curies":[{"name":"wp","href":"https:\/\/api.w.org\/{rel}","templated":true}]}}