{"id":4630,"date":"2020-12-22T23:38:55","date_gmt":"2020-12-22T23:38:55","guid":{"rendered":"http:\/\/coppercrafts.eu\/product\/produto-537\/"},"modified":"2023-11-06T13:21:19","modified_gmt":"2023-11-06T13:21:19","slug":"produto-537","status":"publish","type":"product","link":"https:\/\/coppercrafts.eu\/fr\/product\/produto-537\/","title":{"rendered":"Bouilloire Cuivre 1.5L \u2013 N\u00ba102 Finition Lisse"},"content":{"rendered":"<p>Bouilloire Cuivre 1.5L \u2013 N\u00ba102 Finition Lisse<\/p>","protected":false},"excerpt":{"rendered":"<p>Classiques, \u00e9l\u00e9gantes et intemporelles, ces bouilloires sont en cuivre pur \u00e0 99,9%, \u00e9tam\u00e9 \u00e0 l'int\u00e9rieur.<\/p>\n<p>Gr\u00e2ce aux caract\u00e9ristiques thermiques incomparables du cuivre, ces bouilloires seront certainement la pi\u00e8ce parfaite pour faire toutes sortes de th\u00e9.<\/p>\n<p>Acabamento exterior martelado e cabo em porcelana<\/p>\n<p><b>&#8230;<\/p>","protected":false},"featured_media":6481,"comment_status":"open","ping_status":"closed","template":"","meta":{"_themeisle_gutenberg_block_has_review":false},"product_cat":[183],"product_tag":[],"_links":{"self":[{"href":"https:\/\/coppercrafts.eu\/fr\/wp-json\/wp\/v2\/product\/4630"}],"collection":[{"href":"https:\/\/coppercrafts.eu\/fr\/wp-json\/wp\/v2\/product"}],"about":[{"href":"https:\/\/coppercrafts.eu\/fr\/wp-json\/wp\/v2\/types\/product"}],"replies":[{"embeddable":true,"href":"https:\/\/coppercrafts.eu\/fr\/wp-json\/wp\/v2\/comments?post=4630"}],"wp:featuredmedia":[{"embeddable":true,"href":"https:\/\/coppercrafts.eu\/fr\/wp-json\/wp\/v2\/media\/6481"}],"wp:attachment":[{"href":"https:\/\/coppercrafts.eu\/fr\/wp-json\/wp\/v2\/media?parent=4630"}],"wp:term":[{"taxonomy":"product_cat","embeddable":true,"href":"https:\/\/coppercrafts.eu\/fr\/wp-json\/wp\/v2\/product_cat?post=4630"},{"taxonomy":"product_tag","embeddable":true,"href":"https:\/\/coppercrafts.eu\/fr\/wp-json\/wp\/v2\/product_tag?post=4630"}],"curies":[{"name":"wp","href":"https:\/\/api.w.org\/{rel}","templated":true}]}}