{"id":4619,"date":"2020-12-22T23:38:52","date_gmt":"2020-12-22T23:38:52","guid":{"rendered":"http:\/\/coppercrafts.eu\/product\/produto-526\/"},"modified":"2023-11-06T13:21:20","modified_gmt":"2023-11-06T13:21:20","slug":"produto-526","status":"publish","type":"product","link":"https:\/\/coppercrafts.eu\/fr\/product\/produto-526\/","title":{"rendered":"Po\u00eale en cuivre martel\u00e9 et arc en fer \u2013 Mod\u00e8le Octopus \u00d8 24"},"content":{"rendered":"<p>Po\u00eale en cuivre martel\u00e9 et arc en fer \u2013 Mod\u00e8le Octopus \u00d8 24<\/p>","protected":false},"excerpt":{"rendered":"<p>Ce mod\u00e8le de batterie de cuisine est fabriqu\u00e9 \u00e0 la machine en utilisant du cuivre pur \u00e0 99,9 %, avec une finition martel\u00e9e et des poign\u00e9es en m\u00e9tal et un arc en fer pratique.<\/p>\n<p>Elles sont id\u00e9ales pour la cuisson du poulpe ou la confection de marmelades, mais elles sont \u00e9galement une excellente option pour de nombreuses autres recettes.<\/p>\n<p>Ils sont doubl\u00e9s \u00e0 l'int\u00e9rieur d'\u00e9tain pur pour une cuisson avec une s\u00e9curit\u00e9 maximale et une facilit\u00e9 de nettoyage.<\/p>\n<p>Il peut \u00eatre utilis\u00e9 sur des cuisini\u00e8res \u00e0 gaz, sur des plaques vitroc\u00e9ramiques ou m\u00eame sur du bois, ils ne fonctionnent tout simplement pas sur les plaques \u00e0 induction.<\/p>\n<p><b>&#8230;<\/p>","protected":false},"featured_media":5507,"comment_status":"open","ping_status":"closed","template":"","meta":{"_themeisle_gutenberg_block_has_review":false},"product_cat":[272],"product_tag":[],"_links":{"self":[{"href":"https:\/\/coppercrafts.eu\/fr\/wp-json\/wp\/v2\/product\/4619"}],"collection":[{"href":"https:\/\/coppercrafts.eu\/fr\/wp-json\/wp\/v2\/product"}],"about":[{"href":"https:\/\/coppercrafts.eu\/fr\/wp-json\/wp\/v2\/types\/product"}],"replies":[{"embeddable":true,"href":"https:\/\/coppercrafts.eu\/fr\/wp-json\/wp\/v2\/comments?post=4619"}],"wp:featuredmedia":[{"embeddable":true,"href":"https:\/\/coppercrafts.eu\/fr\/wp-json\/wp\/v2\/media\/5507"}],"wp:attachment":[{"href":"https:\/\/coppercrafts.eu\/fr\/wp-json\/wp\/v2\/media?parent=4619"}],"wp:term":[{"taxonomy":"product_cat","embeddable":true,"href":"https:\/\/coppercrafts.eu\/fr\/wp-json\/wp\/v2\/product_cat?post=4619"},{"taxonomy":"product_tag","embeddable":true,"href":"https:\/\/coppercrafts.eu\/fr\/wp-json\/wp\/v2\/product_tag?post=4619"}],"curies":[{"name":"wp","href":"https:\/\/api.w.org\/{rel}","templated":true}]}}