{"id":4616,"date":"2020-12-22T23:38:52","date_gmt":"2020-12-22T23:38:52","guid":{"rendered":"http:\/\/coppercrafts.eu\/product\/produto-523\/"},"modified":"2023-11-06T13:21:20","modified_gmt":"2023-11-06T13:21:20","slug":"produto-523","status":"publish","type":"product","link":"https:\/\/coppercrafts.eu\/fr\/product\/produto-523\/","title":{"rendered":"Po\u00eale en cuivre martel\u00e9 - Mod\u00e8le Octopus \u00d8 28 cm"},"content":{"rendered":"<p>Po\u00eale en cuivre martel\u00e9 - Mod\u00e8le Octopus \u00d8 28 cm<\/p>","protected":false},"excerpt":{"rendered":"<p>Marmite en cuivre avec couvercle, martel\u00e9, poign\u00e9es en laiton, s'utilise sur n'importe quelle cuisini\u00e8re, sauf induction<\/p>\n<p>Sur demande, l'int\u00e9rieur peut \u00eatre \u00e9tam\u00e9.<\/p>\n<p><b>&#8230;<\/p>","protected":false},"featured_media":5506,"comment_status":"open","ping_status":"closed","template":"","meta":{"_themeisle_gutenberg_block_has_review":false},"product_cat":[180],"product_tag":[],"_links":{"self":[{"href":"https:\/\/coppercrafts.eu\/fr\/wp-json\/wp\/v2\/product\/4616"}],"collection":[{"href":"https:\/\/coppercrafts.eu\/fr\/wp-json\/wp\/v2\/product"}],"about":[{"href":"https:\/\/coppercrafts.eu\/fr\/wp-json\/wp\/v2\/types\/product"}],"replies":[{"embeddable":true,"href":"https:\/\/coppercrafts.eu\/fr\/wp-json\/wp\/v2\/comments?post=4616"}],"wp:featuredmedia":[{"embeddable":true,"href":"https:\/\/coppercrafts.eu\/fr\/wp-json\/wp\/v2\/media\/5506"}],"wp:attachment":[{"href":"https:\/\/coppercrafts.eu\/fr\/wp-json\/wp\/v2\/media?parent=4616"}],"wp:term":[{"taxonomy":"product_cat","embeddable":true,"href":"https:\/\/coppercrafts.eu\/fr\/wp-json\/wp\/v2\/product_cat?post=4616"},{"taxonomy":"product_tag","embeddable":true,"href":"https:\/\/coppercrafts.eu\/fr\/wp-json\/wp\/v2\/product_tag?post=4616"}],"curies":[{"name":"wp","href":"https:\/\/api.w.org\/{rel}","templated":true}]}}