{"id":4613,"date":"2020-12-22T23:38:51","date_gmt":"2020-12-22T23:38:51","guid":{"rendered":"http:\/\/coppercrafts.eu\/product\/produto-520\/"},"modified":"2021-06-19T15:31:37","modified_gmt":"2021-06-19T15:31:37","slug":"produto-520","status":"publish","type":"product","link":"https:\/\/coppercrafts.eu\/fr\/product\/produto-520\/","title":{"rendered":"Po\u00eale Cuivre Lisse - Mod\u00e8le Octopus \u00d8 30 cm"},"content":{"rendered":"<p>Po\u00eale Cuivre Lisse - Mod\u00e8le Octopus \u00d8 30 cm<\/p>","protected":false},"excerpt":{"rendered":"<p>Ce mod\u00e8le de batterie de cuisine est fabriqu\u00e9 \u00e0 la machine en utilisant du cuivre pur \u00e0 99,9 %, avec une finition martel\u00e9e et des poign\u00e9es en m\u00e9tal.<\/p>\n<p>Elles sont id\u00e9ales pour la cuisson du poulpe ou la confection de marmelades, mais elles sont \u00e9galement une excellente option pour de nombreuses autres recettes.<\/p>\n<p>Comme ces stylos n'ont pas de rev\u00eatement int\u00e9rieur, apr\u00e8s la cuisson, il est n\u00e9cessaire de retirer les aliments afin que le cuivre ne s'oxyde pas et que les aliments puissent acqu\u00e9rir des toxines.<\/p>\n<p>Il peut \u00eatre utilis\u00e9 sur des cuisini\u00e8res \u00e0 gaz, sur des plaques vitroc\u00e9ramiques ou m\u00eame sur du bois, ils ne fonctionnent tout simplement pas sur les plaques \u00e0 induction.<\/p>\n<p><b>&#8230;<\/p>","protected":false},"featured_media":5504,"comment_status":"open","ping_status":"closed","template":"","meta":{"_themeisle_gutenberg_block_has_review":false},"product_cat":[179],"product_tag":[],"_links":{"self":[{"href":"https:\/\/coppercrafts.eu\/fr\/wp-json\/wp\/v2\/product\/4613"}],"collection":[{"href":"https:\/\/coppercrafts.eu\/fr\/wp-json\/wp\/v2\/product"}],"about":[{"href":"https:\/\/coppercrafts.eu\/fr\/wp-json\/wp\/v2\/types\/product"}],"replies":[{"embeddable":true,"href":"https:\/\/coppercrafts.eu\/fr\/wp-json\/wp\/v2\/comments?post=4613"}],"wp:featuredmedia":[{"embeddable":true,"href":"https:\/\/coppercrafts.eu\/fr\/wp-json\/wp\/v2\/media\/5504"}],"wp:attachment":[{"href":"https:\/\/coppercrafts.eu\/fr\/wp-json\/wp\/v2\/media?parent=4613"}],"wp:term":[{"taxonomy":"product_cat","embeddable":true,"href":"https:\/\/coppercrafts.eu\/fr\/wp-json\/wp\/v2\/product_cat?post=4613"},{"taxonomy":"product_tag","embeddable":true,"href":"https:\/\/coppercrafts.eu\/fr\/wp-json\/wp\/v2\/product_tag?post=4613"}],"curies":[{"name":"wp","href":"https:\/\/api.w.org\/{rel}","templated":true}]}}