{"id":4606,"date":"2020-12-22T23:38:50","date_gmt":"2020-12-22T23:38:50","guid":{"rendered":"http:\/\/coppercrafts.eu\/product\/produto-513\/"},"modified":"2023-11-06T13:22:41","modified_gmt":"2023-11-06T13:22:41","slug":"produto-513","status":"publish","type":"product","link":"https:\/\/coppercrafts.eu\/fr\/product\/produto-513\/","title":{"rendered":"Cocotte en Cuivre avec Couvercle et Anse \u00d8 18 cm"},"content":{"rendered":"<p>Cocotte en Cuivre avec Couvercle et Anse \u00d8 18 cm<\/p>","protected":false},"excerpt":{"rendered":"<p>Nos marmites en cuivre sont disponibles en 12 tailles, elles sont doubl\u00e9es \u00e0 l'int\u00e9rieur d'\u00e9tain pur pour une cuisson en toute s\u00e9curit\u00e9 et facilit\u00e9 de nettoyage.<\/p>\n<p>Ces casseroles polyvalentes comprennent un couvercle pour mieux contr\u00f4ler la chaleur et retenir l'humidit\u00e9.<\/p>\n<p>La poign\u00e9e en m\u00e9tal est fix\u00e9e avec deux rivets pour plus de r\u00e9sistance et de durabilit\u00e9.<\/p>\n<p>La surface ext\u00e9rieure est polie pour une finition lisse et brillante.<\/p>\n<p><b>&#8230;<\/p>","protected":false},"featured_media":6472,"comment_status":"open","ping_status":"closed","template":"","meta":{"_themeisle_gutenberg_block_has_review":false},"product_cat":[235],"product_tag":[],"_links":{"self":[{"href":"https:\/\/coppercrafts.eu\/fr\/wp-json\/wp\/v2\/product\/4606"}],"collection":[{"href":"https:\/\/coppercrafts.eu\/fr\/wp-json\/wp\/v2\/product"}],"about":[{"href":"https:\/\/coppercrafts.eu\/fr\/wp-json\/wp\/v2\/types\/product"}],"replies":[{"embeddable":true,"href":"https:\/\/coppercrafts.eu\/fr\/wp-json\/wp\/v2\/comments?post=4606"}],"wp:featuredmedia":[{"embeddable":true,"href":"https:\/\/coppercrafts.eu\/fr\/wp-json\/wp\/v2\/media\/6472"}],"wp:attachment":[{"href":"https:\/\/coppercrafts.eu\/fr\/wp-json\/wp\/v2\/media?parent=4606"}],"wp:term":[{"taxonomy":"product_cat","embeddable":true,"href":"https:\/\/coppercrafts.eu\/fr\/wp-json\/wp\/v2\/product_cat?post=4606"},{"taxonomy":"product_tag","embeddable":true,"href":"https:\/\/coppercrafts.eu\/fr\/wp-json\/wp\/v2\/product_tag?post=4606"}],"curies":[{"name":"wp","href":"https:\/\/api.w.org\/{rel}","templated":true}]}}