{"id":4597,"date":"2020-12-22T23:38:47","date_gmt":"2020-12-22T23:38:47","guid":{"rendered":"http:\/\/coppercrafts.eu\/product\/produto-504\/"},"modified":"2023-11-06T13:23:39","modified_gmt":"2023-11-06T13:23:39","slug":"produto-504","status":"publish","type":"product","link":"https:\/\/coppercrafts.eu\/fr\/product\/produto-504\/","title":{"rendered":"Cocotte Cuivre avec Couvercle et 2 Anses \u00d8 18 cm"},"content":{"rendered":"<p>Cocotte Cuivre avec Couvercle et 2 Anses \u00d8 18 cm<\/p>","protected":false},"excerpt":{"rendered":"<p>Nos marmites en cuivre sont disponibles en 12 tailles, elles sont doubl\u00e9es \u00e0 l'int\u00e9rieur d'\u00e9tain pur pour une cuisson en toute s\u00e9curit\u00e9 et facilit\u00e9 de nettoyage.<\/p>\n<p>Ces casseroles polyvalentes comprennent un couvercle pour mieux contr\u00f4ler la chaleur et retenir l'humidit\u00e9.<\/p>\n<p>Il a deux poign\u00e9es en m\u00e9tal rivet\u00e9es pour plus de r\u00e9sistance et de durabilit\u00e9.<\/p>\n<p>La surface ext\u00e9rieure est polie pour une finition lisse et brillante.<\/p>\n<p dir=\"ltr\" data-placeholder=\"Tradu\u00e7\u00e3o\"><b>&#8230;<\/p>","protected":false},"featured_media":6461,"comment_status":"open","ping_status":"closed","template":"","meta":{"_themeisle_gutenberg_block_has_review":false},"product_cat":[234],"product_tag":[],"_links":{"self":[{"href":"https:\/\/coppercrafts.eu\/fr\/wp-json\/wp\/v2\/product\/4597"}],"collection":[{"href":"https:\/\/coppercrafts.eu\/fr\/wp-json\/wp\/v2\/product"}],"about":[{"href":"https:\/\/coppercrafts.eu\/fr\/wp-json\/wp\/v2\/types\/product"}],"replies":[{"embeddable":true,"href":"https:\/\/coppercrafts.eu\/fr\/wp-json\/wp\/v2\/comments?post=4597"}],"wp:featuredmedia":[{"embeddable":true,"href":"https:\/\/coppercrafts.eu\/fr\/wp-json\/wp\/v2\/media\/6461"}],"wp:attachment":[{"href":"https:\/\/coppercrafts.eu\/fr\/wp-json\/wp\/v2\/media?parent=4597"}],"wp:term":[{"taxonomy":"product_cat","embeddable":true,"href":"https:\/\/coppercrafts.eu\/fr\/wp-json\/wp\/v2\/product_cat?post=4597"},{"taxonomy":"product_tag","embeddable":true,"href":"https:\/\/coppercrafts.eu\/fr\/wp-json\/wp\/v2\/product_tag?post=4597"}],"curies":[{"name":"wp","href":"https:\/\/api.w.org\/{rel}","templated":true}]}}