{"id":4580,"date":"2020-12-22T23:38:44","date_gmt":"2020-12-22T23:38:44","guid":{"rendered":"http:\/\/coppercrafts.eu\/product\/produto-487\/"},"modified":"2023-11-06T13:23:40","modified_gmt":"2023-11-06T13:23:40","slug":"produto-487","status":"publish","type":"product","link":"https:\/\/coppercrafts.eu\/fr\/product\/produto-487\/","title":{"rendered":"Frigideira em Cobre Oval c\/ 2 Asas \u00d8 20 cm L"},"content":{"rendered":"<p>Frigideira em Cobre Oval com 2 asas 20 cm L<\/p>","protected":false},"excerpt":{"rendered":"<p>Dans des casseroles en cuivre \u00e9tam\u00e9, les aliments les plus d\u00e9licats comme le poisson, la volaille et les l\u00e9gumes peuvent \u00eatre cuits \u00e0 chaleur parfaitement r\u00e9gul\u00e9e.<\/p>\n<p>As nossas frigideiras s\u00e3o fabricadas usando cobre 99.9 % puro, com duas pr\u00e1ticas asas\u00a0 em metal ,s\u00e3o estanhadas no interior para que cozinhe em seguran\u00e7a, facilitando tamb\u00e9m a limpeza.<\/p>\n<p>Esta elegante forma oval, faz desta frigideira perfeita para todo o tipo de peixe<\/p>\n<p>Ce m\u00e9lange de cuivre et d'\u00e9tain, exalte le plaisir de cuisiner, le cuivre avec son incomparable pouvoir de conductivit\u00e9 et de contr\u00f4le et l'\u00e9tain qui, en plus de faciliter le nettoyage, pr\u00e9serve la saveur et les qualit\u00e9s nutritionnelles des aliments, id\u00e9al pour vos besoins. quotidiennement dans la cuisine.<\/p>\n<p dir=\"ltr\" data-placeholder=\"Tradu\u00e7\u00e3o\"><b>&#8230;<\/p>","protected":false},"featured_media":6428,"comment_status":"open","ping_status":"closed","template":"","meta":{"_themeisle_gutenberg_block_has_review":false},"product_cat":[232],"product_tag":[],"_links":{"self":[{"href":"https:\/\/coppercrafts.eu\/fr\/wp-json\/wp\/v2\/product\/4580"}],"collection":[{"href":"https:\/\/coppercrafts.eu\/fr\/wp-json\/wp\/v2\/product"}],"about":[{"href":"https:\/\/coppercrafts.eu\/fr\/wp-json\/wp\/v2\/types\/product"}],"replies":[{"embeddable":true,"href":"https:\/\/coppercrafts.eu\/fr\/wp-json\/wp\/v2\/comments?post=4580"}],"wp:featuredmedia":[{"embeddable":true,"href":"https:\/\/coppercrafts.eu\/fr\/wp-json\/wp\/v2\/media\/6428"}],"wp:attachment":[{"href":"https:\/\/coppercrafts.eu\/fr\/wp-json\/wp\/v2\/media?parent=4580"}],"wp:term":[{"taxonomy":"product_cat","embeddable":true,"href":"https:\/\/coppercrafts.eu\/fr\/wp-json\/wp\/v2\/product_cat?post=4580"},{"taxonomy":"product_tag","embeddable":true,"href":"https:\/\/coppercrafts.eu\/fr\/wp-json\/wp\/v2\/product_tag?post=4580"}],"curies":[{"name":"wp","href":"https:\/\/api.w.org\/{rel}","templated":true}]}}