{"id":4575,"date":"2020-12-22T23:38:43","date_gmt":"2020-12-22T23:38:43","guid":{"rendered":"http:\/\/coppercrafts.eu\/product\/produto-482\/"},"modified":"2021-06-19T15:31:34","modified_gmt":"2021-06-19T15:31:34","slug":"produto-482","status":"publish","type":"product","link":"https:\/\/coppercrafts.eu\/fr\/product\/produto-482\/","title":{"rendered":"Frigideira em Cobre c\/ Cabo e Tampa \u00d8 28 cm"},"content":{"rendered":"<p>Frigideira em Cobre com Cabo e Tampa \u00d8 28 cm<\/p>","protected":false},"excerpt":{"rendered":"<p>Dans des casseroles en cuivre \u00e9tam\u00e9, les aliments les plus d\u00e9licats comme le poisson, la volaille et les l\u00e9gumes peuvent \u00eatre cuits \u00e0 chaleur parfaitement r\u00e9gul\u00e9e.<\/p>\n<p>Nos po\u00eales \u00e0 frire sont fabriqu\u00e9es \u00e0 partir de cuivre pur \u00e0 99,9 %, avec une poign\u00e9e en m\u00e9tal pratique et sont \u00e9tam\u00e9es \u00e0 l'int\u00e9rieur pour une cuisson en toute s\u00e9curit\u00e9, ce qui facilite \u00e9galement le nettoyage.<\/p>\n<p>Este modelo possui uma \u00fatil tampa, que evita que salpique enquanto cozinha<\/p>\n<p>Ce m\u00e9lange de cuivre et d'\u00e9tain, exalte le plaisir de cuisiner, le cuivre avec son incomparable pouvoir de conductivit\u00e9 et de contr\u00f4le et l'\u00e9tain qui, en plus de faciliter le nettoyage, pr\u00e9serve la saveur et les qualit\u00e9s nutritionnelles des aliments, id\u00e9al pour vos besoins. quotidiennement dans la cuisine.<\/p>\n<p><b>&#8230;<\/p>","protected":false},"featured_media":6430,"comment_status":"open","ping_status":"closed","template":"","meta":{"_themeisle_gutenberg_block_has_review":false},"product_cat":[230],"product_tag":[],"_links":{"self":[{"href":"https:\/\/coppercrafts.eu\/fr\/wp-json\/wp\/v2\/product\/4575"}],"collection":[{"href":"https:\/\/coppercrafts.eu\/fr\/wp-json\/wp\/v2\/product"}],"about":[{"href":"https:\/\/coppercrafts.eu\/fr\/wp-json\/wp\/v2\/types\/product"}],"replies":[{"embeddable":true,"href":"https:\/\/coppercrafts.eu\/fr\/wp-json\/wp\/v2\/comments?post=4575"}],"wp:featuredmedia":[{"embeddable":true,"href":"https:\/\/coppercrafts.eu\/fr\/wp-json\/wp\/v2\/media\/6430"}],"wp:attachment":[{"href":"https:\/\/coppercrafts.eu\/fr\/wp-json\/wp\/v2\/media?parent=4575"}],"wp:term":[{"taxonomy":"product_cat","embeddable":true,"href":"https:\/\/coppercrafts.eu\/fr\/wp-json\/wp\/v2\/product_cat?post=4575"},{"taxonomy":"product_tag","embeddable":true,"href":"https:\/\/coppercrafts.eu\/fr\/wp-json\/wp\/v2\/product_tag?post=4575"}],"curies":[{"name":"wp","href":"https:\/\/api.w.org\/{rel}","templated":true}]}}