{"id":4555,"date":"2020-12-22T23:38:38","date_gmt":"2020-12-22T23:38:38","guid":{"rendered":"http:\/\/coppercrafts.eu\/product\/produto-462\/"},"modified":"2021-06-19T15:31:31","modified_gmt":"2021-06-19T15:31:31","slug":"produto-462","status":"publish","type":"product","link":"https:\/\/coppercrafts.eu\/fr\/product\/produto-462\/","title":{"rendered":"Paellas \u00d8 34 cm"},"content":{"rendered":"<p>Paellas \u00d8 34 cm<\/p>","protected":false},"excerpt":{"rendered":"<p>La paella au cuivre est id\u00e9ale pour cuisiner efficacement et avec bon go\u00fbt pour toute la famille. Les nuances cuivr\u00e9es de la surface en font une pi\u00e8ce agr\u00e9able \u00e0 emmener \u00e0 table, tandis que le corps assure une cuisson plus rapide, \u00e9conomisant de l'\u00e9nergie et du temps. Faites mijoter pour \u00e9viter que les aliments ne collent au fond de la paella. Le corps distribue uniform\u00e9ment la chaleur, il n'y a donc pas besoin de chaleur \u00e9lev\u00e9e et vous \u00e9conomisez \u00e9galement du gaz. Lorsque la paella est utilis\u00e9e sur une cuisini\u00e8re \u00e0 gaz, la flamme ne doit pas d\u00e9passer la base de la paella.<\/p>\n<p>Dans le cas d'une utilisation sur une plaque \u00e9lectrique, la plaque doit avoir un diam\u00e8tre \u00e9gal ou inf\u00e9rieur \u00e0 celui de la paella.<\/p>\n<p>Ne chauffez pas les aliments en pla\u00e7ant une paella de m\u00eame diam\u00e8tre l'une sur l'autre.<\/p>\n<p>Cette proc\u00e9dure est dangereuse car elle cr\u00e9e un vide et rend impossible leur retrait. Certains f\u00e9culents, comme les p\u00e2tes et le riz, peuvent tacher l'int\u00e9rieur de la paella pendant la cuisson.<\/p>\n<p>Pour enlever facilement les taches, essuyez avec un chiffon imbib\u00e9 de jus de citron ou de vinaigre, ou utilisez une p\u00e2te \u00e0 polir.<\/p>\n<p>\u00c9vitez de laisser les aliments dans la paella trop longtemps; le sel peut aussi causer des taches.<\/p>\n<p>Apr\u00e8s le lavage, dans la mesure du possible, rincez les paellas \u00e0 l'eau chaude et s\u00e9chez-les imm\u00e9diatement pour conserver leur \u00e9clat d'origine.<\/p>\n<p>Le chlore et les substances contenues dans l'eau peuvent laisser des taches. Ne laissez la paella chaude que sur des surfaces r\u00e9sistantes \u00e0 la chaleur.<\/p>\n<p dir=\"ltr\" data-placeholder=\"Tradu\u00e7\u00e3o\"><b>&#8230;<\/p>","protected":false},"featured_media":5337,"comment_status":"open","ping_status":"closed","template":"","meta":{"_themeisle_gutenberg_block_has_review":false},"product_cat":[164],"product_tag":[],"_links":{"self":[{"href":"https:\/\/coppercrafts.eu\/fr\/wp-json\/wp\/v2\/product\/4555"}],"collection":[{"href":"https:\/\/coppercrafts.eu\/fr\/wp-json\/wp\/v2\/product"}],"about":[{"href":"https:\/\/coppercrafts.eu\/fr\/wp-json\/wp\/v2\/types\/product"}],"replies":[{"embeddable":true,"href":"https:\/\/coppercrafts.eu\/fr\/wp-json\/wp\/v2\/comments?post=4555"}],"wp:featuredmedia":[{"embeddable":true,"href":"https:\/\/coppercrafts.eu\/fr\/wp-json\/wp\/v2\/media\/5337"}],"wp:attachment":[{"href":"https:\/\/coppercrafts.eu\/fr\/wp-json\/wp\/v2\/media?parent=4555"}],"wp:term":[{"taxonomy":"product_cat","embeddable":true,"href":"https:\/\/coppercrafts.eu\/fr\/wp-json\/wp\/v2\/product_cat?post=4555"},{"taxonomy":"product_tag","embeddable":true,"href":"https:\/\/coppercrafts.eu\/fr\/wp-json\/wp\/v2\/product_tag?post=4555"}],"curies":[{"name":"wp","href":"https:\/\/api.w.org\/{rel}","templated":true}]}}