{"id":4532,"date":"2020-12-22T23:38:33","date_gmt":"2020-12-22T23:38:33","guid":{"rendered":"http:\/\/coppercrafts.eu\/product\/produto-439\/"},"modified":"2023-11-06T13:27:58","modified_gmt":"2023-11-06T13:27:58","slug":"produto-439","status":"publish","type":"product","link":"https:\/\/coppercrafts.eu\/fr\/product\/produto-439\/","title":{"rendered":"Pot \u00e0 p\u00e2tisserie en cuivre N\u00ba 55 \u2013 \u00d8 55 cm"},"content":{"rendered":"<p>Pot \u00e0 p\u00e2tisserie en cuivre N\u00ba 55 \u2013 \u00d8 55 cm<\/p>","protected":false},"excerpt":{"rendered":"<p>Uma panela rasa, de cobre pesado, com al\u00e7as pr\u00e1ticas nas laterais, iguais \u00e0s das boas cozinhas.<\/p>\n<p>A panela ideal para cozinhar deliciosas geleias, tamb\u00e9m muito adequada para misturar chocolate.<\/p>\n<p>A panela \u00e9 toda feita de cobre; o interior pode ser trabalhado sob pedido.<\/p>\n<p><b>&#8230;<\/p>","protected":false},"featured_media":6387,"comment_status":"open","ping_status":"closed","template":"","meta":{"_themeisle_gutenberg_block_has_review":false},"product_cat":[156],"product_tag":[],"_links":{"self":[{"href":"https:\/\/coppercrafts.eu\/fr\/wp-json\/wp\/v2\/product\/4532"}],"collection":[{"href":"https:\/\/coppercrafts.eu\/fr\/wp-json\/wp\/v2\/product"}],"about":[{"href":"https:\/\/coppercrafts.eu\/fr\/wp-json\/wp\/v2\/types\/product"}],"replies":[{"embeddable":true,"href":"https:\/\/coppercrafts.eu\/fr\/wp-json\/wp\/v2\/comments?post=4532"}],"wp:featuredmedia":[{"embeddable":true,"href":"https:\/\/coppercrafts.eu\/fr\/wp-json\/wp\/v2\/media\/6387"}],"wp:attachment":[{"href":"https:\/\/coppercrafts.eu\/fr\/wp-json\/wp\/v2\/media?parent=4532"}],"wp:term":[{"taxonomy":"product_cat","embeddable":true,"href":"https:\/\/coppercrafts.eu\/fr\/wp-json\/wp\/v2\/product_cat?post=4532"},{"taxonomy":"product_tag","embeddable":true,"href":"https:\/\/coppercrafts.eu\/fr\/wp-json\/wp\/v2\/product_tag?post=4532"}],"curies":[{"name":"wp","href":"https:\/\/api.w.org\/{rel}","templated":true}]}}