{"id":4514,"date":"2020-12-22T23:38:31","date_gmt":"2020-12-22T23:38:31","guid":{"rendered":"http:\/\/coppercrafts.eu\/product\/produto-421\/"},"modified":"2023-11-06T15:00:16","modified_gmt":"2023-11-06T15:00:16","slug":"produto-421","status":"publish","type":"product","link":"https:\/\/coppercrafts.eu\/fr\/product\/produto-421\/","title":{"rendered":"Pot \u00e0 p\u00e2tisserie en cuivre N\u00ba 10 \u2013 \u00d8 10 cm"},"content":{"rendered":"<p>Pot \u00e0 p\u00e2tisserie en cuivre N\u00ba 10 \u2013 \u00d8 10 cm<\/p>","protected":false},"excerpt":{"rendered":"<p>Nos pots en cuivre sont des pi\u00e8ces incroyablement durables et fonctionnelles, avec des poign\u00e9es en laiton sculpt\u00e9, ce pot est id\u00e9al pour faire de la marmelade et autres bonbons.<\/p>\n<p>Id\u00e9al pour la pr\u00e9paration de gel\u00e9es, marmelades, chocolats et autres douceurs.<\/p>\n<p>Le dessus de la casserole a une ouverture beaucoup plus grande que la base, en cons\u00e9quence l'eau s'\u00e9vapore plus rapidement, pr\u00e9servant ainsi la saveur du fruit plus facilement.<\/p>\n<p>Sur demande, l'int\u00e9rieur peut \u00eatre \u00e9tam\u00e9.<\/p>\n<p><b>&#8230;<\/p>","protected":false},"featured_media":6387,"comment_status":"open","ping_status":"closed","template":"","meta":{"_themeisle_gutenberg_block_has_review":false},"product_cat":[156],"product_tag":[],"_links":{"self":[{"href":"https:\/\/coppercrafts.eu\/fr\/wp-json\/wp\/v2\/product\/4514"}],"collection":[{"href":"https:\/\/coppercrafts.eu\/fr\/wp-json\/wp\/v2\/product"}],"about":[{"href":"https:\/\/coppercrafts.eu\/fr\/wp-json\/wp\/v2\/types\/product"}],"replies":[{"embeddable":true,"href":"https:\/\/coppercrafts.eu\/fr\/wp-json\/wp\/v2\/comments?post=4514"}],"wp:featuredmedia":[{"embeddable":true,"href":"https:\/\/coppercrafts.eu\/fr\/wp-json\/wp\/v2\/media\/6387"}],"wp:attachment":[{"href":"https:\/\/coppercrafts.eu\/fr\/wp-json\/wp\/v2\/media?parent=4514"}],"wp:term":[{"taxonomy":"product_cat","embeddable":true,"href":"https:\/\/coppercrafts.eu\/fr\/wp-json\/wp\/v2\/product_cat?post=4514"},{"taxonomy":"product_tag","embeddable":true,"href":"https:\/\/coppercrafts.eu\/fr\/wp-json\/wp\/v2\/product_tag?post=4514"}],"curies":[{"name":"wp","href":"https:\/\/api.w.org\/{rel}","templated":true}]}}