{"id":4513,"date":"2020-12-22T23:38:30","date_gmt":"2020-12-22T23:38:30","guid":{"rendered":"http:\/\/coppercrafts.eu\/product\/produto-420\/"},"modified":"2023-11-06T13:34:41","modified_gmt":"2023-11-06T13:34:41","slug":"produto-420","status":"publish","type":"product","link":"https:\/\/coppercrafts.eu\/fr\/product\/produto-420\/","title":{"rendered":"Po\u00eale en cuivre avec couvercle et arc en fer 40L"},"content":{"rendered":"<p>Po\u00eale en cuivre avec couvercle et arc en fer 40 litres<\/p>","protected":false},"excerpt":{"rendered":"<p>Cette marmite en cuivre artisanale polyvalente avec couvercle est id\u00e9ale pour pr\u00e9parer des rago\u00fbts, des soupes et des sp\u00e9cialit\u00e9s traditionnelles.<\/p>\n<p>Gr\u00e2ce \u00e0 son arc en fer il est id\u00e9al pour une utilisation en feu direct ou avec une cuisini\u00e8re \u00e0 gaz ou \u00e9lectrique, sauf induction.<\/p>\n<p>Cependant, la casserole n'est pas seulement pour cuisiner - lorsqu'elle n'est pas utilis\u00e9e, c'est aussi une pi\u00e8ce d\u00e9corative pour votre cuisine.<\/p>\n<p dir=\"ltr\" data-placeholder=\"Tradu\u00e7\u00e3o\"><b>&#8230;<\/p>","protected":false},"featured_media":6366,"comment_status":"open","ping_status":"closed","template":"","meta":{"_themeisle_gutenberg_block_has_review":false},"product_cat":[268],"product_tag":[],"_links":{"self":[{"href":"https:\/\/coppercrafts.eu\/fr\/wp-json\/wp\/v2\/product\/4513"}],"collection":[{"href":"https:\/\/coppercrafts.eu\/fr\/wp-json\/wp\/v2\/product"}],"about":[{"href":"https:\/\/coppercrafts.eu\/fr\/wp-json\/wp\/v2\/types\/product"}],"replies":[{"embeddable":true,"href":"https:\/\/coppercrafts.eu\/fr\/wp-json\/wp\/v2\/comments?post=4513"}],"wp:featuredmedia":[{"embeddable":true,"href":"https:\/\/coppercrafts.eu\/fr\/wp-json\/wp\/v2\/media\/6366"}],"wp:attachment":[{"href":"https:\/\/coppercrafts.eu\/fr\/wp-json\/wp\/v2\/media?parent=4513"}],"wp:term":[{"taxonomy":"product_cat","embeddable":true,"href":"https:\/\/coppercrafts.eu\/fr\/wp-json\/wp\/v2\/product_cat?post=4513"},{"taxonomy":"product_tag","embeddable":true,"href":"https:\/\/coppercrafts.eu\/fr\/wp-json\/wp\/v2\/product_tag?post=4513"}],"curies":[{"name":"wp","href":"https:\/\/api.w.org\/{rel}","templated":true}]}}