{"id":4504,"date":"2020-12-22T23:38:28","date_gmt":"2020-12-22T23:38:28","guid":{"rendered":"http:\/\/coppercrafts.eu\/product\/produto-411\/"},"modified":"2023-11-06T13:34:41","modified_gmt":"2023-11-06T13:34:41","slug":"produto-411","status":"publish","type":"product","link":"https:\/\/coppercrafts.eu\/fr\/product\/produto-411\/","title":{"rendered":"Po\u00eale en cuivre rivet\u00e9e 10L"},"content":{"rendered":"<p>Po\u00eale en cuivre rivet\u00e9e 10L<\/p>","protected":false},"excerpt":{"rendered":"<p>Cette marmite en cuivre faite main peut \u00eatre utilis\u00e9e sur un feu direct, et sur une cuisini\u00e8re \u00e0 gaz ou \u00e9lectrique, elle ne fonctionne pas sur les plaques \u00e0 induction,<\/p>\n<p>Si vous choisissez d'utiliser la po\u00eale \u00e0 des fins d\u00e9coratives, ce sera certainement une touche de raffinement dans votre cuisine<\/p>\n<p dir=\"ltr\" data-placeholder=\"Tradu\u00e7\u00e3o\"><b>&#8230;<\/p>","protected":false},"featured_media":4908,"comment_status":"open","ping_status":"closed","template":"","meta":{"_themeisle_gutenberg_block_has_review":false},"product_cat":[222],"product_tag":[],"_links":{"self":[{"href":"https:\/\/coppercrafts.eu\/fr\/wp-json\/wp\/v2\/product\/4504"}],"collection":[{"href":"https:\/\/coppercrafts.eu\/fr\/wp-json\/wp\/v2\/product"}],"about":[{"href":"https:\/\/coppercrafts.eu\/fr\/wp-json\/wp\/v2\/types\/product"}],"replies":[{"embeddable":true,"href":"https:\/\/coppercrafts.eu\/fr\/wp-json\/wp\/v2\/comments?post=4504"}],"wp:featuredmedia":[{"embeddable":true,"href":"https:\/\/coppercrafts.eu\/fr\/wp-json\/wp\/v2\/media\/4908"}],"wp:attachment":[{"href":"https:\/\/coppercrafts.eu\/fr\/wp-json\/wp\/v2\/media?parent=4504"}],"wp:term":[{"taxonomy":"product_cat","embeddable":true,"href":"https:\/\/coppercrafts.eu\/fr\/wp-json\/wp\/v2\/product_cat?post=4504"},{"taxonomy":"product_tag","embeddable":true,"href":"https:\/\/coppercrafts.eu\/fr\/wp-json\/wp\/v2\/product_tag?post=4504"}],"curies":[{"name":"wp","href":"https:\/\/api.w.org\/{rel}","templated":true}]}}