{"id":4487,"date":"2020-12-22T23:38:25","date_gmt":"2020-12-22T23:38:25","guid":{"rendered":"http:\/\/coppercrafts.eu\/product\/produto-394\/"},"modified":"2021-06-19T15:31:25","modified_gmt":"2021-06-19T15:31:25","slug":"produto-394","status":"publish","type":"product","link":"https:\/\/coppercrafts.eu\/fr\/product\/produto-394\/","title":{"rendered":"Po\u00eale en cuivre avec couvercle en fer et tube de d\u00e9charge 40L"},"content":{"rendered":"<p>Po\u00eale en cuivre avec couvercle en fer et tube de d\u00e9charge 40 litres<\/p>","protected":false},"excerpt":{"rendered":"<p class=\" translation-block\">Cette po\u00eale en cuivre de fabrication artisanale peut \u00eatre utilis\u00e9e sur un feu direct gr\u00e2ce \u00e0 son arceau en fer, ou chauff\u00e9e sur une cuisini\u00e8re \u00e0 gaz, elle ne fonctionne pas sur les plaques \u00e0 induction.<br>\nCette casserole en cuivre est id\u00e9ale pour pr\u00e9parer des boissons chaudes.<\/p>\n<p><b>&#8230;<\/p>","protected":false},"featured_media":6361,"comment_status":"open","ping_status":"closed","template":"","meta":{"_themeisle_gutenberg_block_has_review":false},"product_cat":[266],"product_tag":[],"_links":{"self":[{"href":"https:\/\/coppercrafts.eu\/fr\/wp-json\/wp\/v2\/product\/4487"}],"collection":[{"href":"https:\/\/coppercrafts.eu\/fr\/wp-json\/wp\/v2\/product"}],"about":[{"href":"https:\/\/coppercrafts.eu\/fr\/wp-json\/wp\/v2\/types\/product"}],"replies":[{"embeddable":true,"href":"https:\/\/coppercrafts.eu\/fr\/wp-json\/wp\/v2\/comments?post=4487"}],"wp:featuredmedia":[{"embeddable":true,"href":"https:\/\/coppercrafts.eu\/fr\/wp-json\/wp\/v2\/media\/6361"}],"wp:attachment":[{"href":"https:\/\/coppercrafts.eu\/fr\/wp-json\/wp\/v2\/media?parent=4487"}],"wp:term":[{"taxonomy":"product_cat","embeddable":true,"href":"https:\/\/coppercrafts.eu\/fr\/wp-json\/wp\/v2\/product_cat?post=4487"},{"taxonomy":"product_tag","embeddable":true,"href":"https:\/\/coppercrafts.eu\/fr\/wp-json\/wp\/v2\/product_tag?post=4487"}],"curies":[{"name":"wp","href":"https:\/\/api.w.org\/{rel}","templated":true}]}}