{"id":4463,"date":"2020-12-22T23:38:21","date_gmt":"2020-12-22T23:38:21","guid":{"rendered":"http:\/\/coppercrafts.eu\/product\/produto-370\/"},"modified":"2021-06-19T15:31:21","modified_gmt":"2021-06-19T15:31:21","slug":"produto-370","status":"publish","type":"product","link":"https:\/\/coppercrafts.eu\/fr\/product\/produto-370\/","title":{"rendered":"Chaudi\u00e8re Cuivre - Mod\u00e8le Verim 10L"},"content":{"rendered":"<p>Chaudi\u00e8re Cuivre - Mod\u00e8le Verim 10 litres<\/p>","protected":false},"excerpt":{"rendered":"<p><span data-sheets-value=\"{&quot;1&quot;:2,&quot;2&quot;:&quot;Caldeir\u00e3o em cobre,muito robusta, fabricada \u00e0 m\u00e3o, ideal para cozinhar sobre fogo direto ou utilizando um fog\u00e3o a g\u00e1z, possui um rebordo em ferro cravado com revites de cobre, e um pr\u00e1tico arco em ferro. Os tamanhos mais pequenos podem tamb\u00e9m ser aquecidos com um fog\u00e3o el\u00e9ctrico, N\u00e3o funciona em fog\u00f5es de indu\u00e7\u00e3o. mediante pedido o interior pode ser estanhado. &quot;}\" data-sheets-userformat=\"{&quot;2&quot;:31231,&quot;3&quot;:{&quot;1&quot;:0,&quot;3&quot;:1},&quot;4&quot;:{&quot;1&quot;:3,&quot;3&quot;:2},&quot;5&quot;:{&quot;1&quot;:[{&quot;1&quot;:2,&quot;2&quot;:0,&quot;5&quot;:{&quot;1&quot;:0}},{&quot;1&quot;:0,&quot;2&quot;:0,&quot;3&quot;:3},{&quot;1&quot;:1,&quot;2&quot;:0,&quot;4&quot;:1}]},&quot;6&quot;:{&quot;1&quot;:[{&quot;1&quot;:2,&quot;2&quot;:0,&quot;5&quot;:{&quot;1&quot;:0}},{&quot;1&quot;:0,&quot;2&quot;:0,&quot;3&quot;:3},{&quot;1&quot;:1,&quot;2&quot;:0,&quot;4&quot;:1}]},&quot;7&quot;:{&quot;1&quot;:[{&quot;1&quot;:2,&quot;2&quot;:0,&quot;5&quot;:{&quot;1&quot;:0}},{&quot;1&quot;:0,&quot;2&quot;:0,&quot;3&quot;:3},{&quot;1&quot;:1,&quot;2&quot;:0,&quot;4&quot;:1}]},&quot;8&quot;:{&quot;1&quot;:[{&quot;1&quot;:2,&quot;2&quot;:0,&quot;5&quot;:{&quot;1&quot;:0}},{&quot;1&quot;:0,&quot;2&quot;:0,&quot;3&quot;:3},{&quot;1&quot;:1,&quot;2&quot;:0,&quot;4&quot;:1}]},&quot;9&quot;:0,&quot;10&quot;:0,&quot;11&quot;:4,&quot;14&quot;:{&quot;1&quot;:2,&quot;2&quot;:3355443},&quot;15&quot;:&quot;Rockwell&quot;,&quot;16&quot;:11,&quot;17&quot;:1}\">Chaudron en cuivre tr\u00e8s robuste et artisanal, id\u00e9al pour cuisiner au feu direct ou \u00e0 l'aide d'une cuisini\u00e8re \u00e0 gaz, poss\u00e8de un rebord en fer clou\u00e9 avec des \"revites\" en cuivre et un arc en fer pratique.<\/span><\/p>\n<p><span data-sheets-value=\"{&quot;1&quot;:2,&quot;2&quot;:&quot;Caldeir\u00e3o em cobre,muito robusta, fabricada \u00e0 m\u00e3o, ideal para cozinhar sobre fogo direto ou utilizando um fog\u00e3o a g\u00e1z, possui um rebordo em ferro cravado com revites de cobre, e um pr\u00e1tico arco em ferro. Os tamanhos mais pequenos podem tamb\u00e9m ser aquecidos com um fog\u00e3o el\u00e9ctrico, N\u00e3o funciona em fog\u00f5es de indu\u00e7\u00e3o. mediante pedido o interior pode ser estanhado. &quot;}\" data-sheets-userformat=\"{&quot;2&quot;:31231,&quot;3&quot;:{&quot;1&quot;:0,&quot;3&quot;:1},&quot;4&quot;:{&quot;1&quot;:3,&quot;3&quot;:2},&quot;5&quot;:{&quot;1&quot;:[{&quot;1&quot;:2,&quot;2&quot;:0,&quot;5&quot;:{&quot;1&quot;:0}},{&quot;1&quot;:0,&quot;2&quot;:0,&quot;3&quot;:3},{&quot;1&quot;:1,&quot;2&quot;:0,&quot;4&quot;:1}]},&quot;6&quot;:{&quot;1&quot;:[{&quot;1&quot;:2,&quot;2&quot;:0,&quot;5&quot;:{&quot;1&quot;:0}},{&quot;1&quot;:0,&quot;2&quot;:0,&quot;3&quot;:3},{&quot;1&quot;:1,&quot;2&quot;:0,&quot;4&quot;:1}]},&quot;7&quot;:{&quot;1&quot;:[{&quot;1&quot;:2,&quot;2&quot;:0,&quot;5&quot;:{&quot;1&quot;:0}},{&quot;1&quot;:0,&quot;2&quot;:0,&quot;3&quot;:3},{&quot;1&quot;:1,&quot;2&quot;:0,&quot;4&quot;:1}]},&quot;8&quot;:{&quot;1&quot;:[{&quot;1&quot;:2,&quot;2&quot;:0,&quot;5&quot;:{&quot;1&quot;:0}},{&quot;1&quot;:0,&quot;2&quot;:0,&quot;3&quot;:3},{&quot;1&quot;:1,&quot;2&quot;:0,&quot;4&quot;:1}]},&quot;9&quot;:0,&quot;10&quot;:0,&quot;11&quot;:4,&quot;14&quot;:{&quot;1&quot;:2,&quot;2&quot;:3355443},&quot;15&quot;:&quot;Rockwell&quot;,&quot;16&quot;:11,&quot;17&quot;:1}\">Les plus petites tailles peuvent \u00e9galement \u00eatre chauff\u00e9es avec une cuisini\u00e8re \u00e9lectrique.<\/span><\/p>\n<p><span","protected":false},"featured_media":6350,"comment_status":"open","ping_status":"closed","template":"","meta":{"_themeisle_gutenberg_block_has_review":false},"product_cat":[262],"product_tag":[],"_links":{"self":[{"href":"https:\/\/coppercrafts.eu\/fr\/wp-json\/wp\/v2\/product\/4463"}],"collection":[{"href":"https:\/\/coppercrafts.eu\/fr\/wp-json\/wp\/v2\/product"}],"about":[{"href":"https:\/\/coppercrafts.eu\/fr\/wp-json\/wp\/v2\/types\/product"}],"replies":[{"embeddable":true,"href":"https:\/\/coppercrafts.eu\/fr\/wp-json\/wp\/v2\/comments?post=4463"}],"wp:featuredmedia":[{"embeddable":true,"href":"https:\/\/coppercrafts.eu\/fr\/wp-json\/wp\/v2\/media\/6350"}],"wp:attachment":[{"href":"https:\/\/coppercrafts.eu\/fr\/wp-json\/wp\/v2\/media?parent=4463"}],"wp:term":[{"taxonomy":"product_cat","embeddable":true,"href":"https:\/\/coppercrafts.eu\/fr\/wp-json\/wp\/v2\/product_cat?post=4463"},{"taxonomy":"product_tag","embeddable":true,"href":"https:\/\/coppercrafts.eu\/fr\/wp-json\/wp\/v2\/product_tag?post=4463"}],"curies":[{"name":"wp","href":"https:\/\/api.w.org\/{rel}","templated":true}]}}