{"id":4421,"date":"2020-12-22T23:38:10","date_gmt":"2020-12-22T23:38:10","guid":{"rendered":"http:\/\/coppercrafts.eu\/product\/produto-328\/"},"modified":"2021-06-19T15:31:18","modified_gmt":"2021-06-19T15:31:18","slug":"produto-328","status":"publish","type":"product","link":"https:\/\/coppercrafts.eu\/fr\/product\/produto-328\/","title":{"rendered":"Lentilles pour alambics 120-180 L - 1 1\/2\u2033"},"content":{"rendered":"<p>Lentilles pour alambics 120-180 - 1 1\/2\u2033<\/p>","protected":false},"excerpt":{"rendered":"<p>Accessoire qui permet d'obtenir un distillat pur, en \u00e9vitant une seconde distillation pour obtenir un taux d'alcool plus \u00e9lev\u00e9.<\/p>\n<p><b>&#8230;<\/p>","protected":false},"featured_media":6270,"comment_status":"open","ping_status":"closed","template":"","meta":{"_themeisle_gutenberg_block_has_review":false},"product_cat":[253],"product_tag":[],"_links":{"self":[{"href":"https:\/\/coppercrafts.eu\/fr\/wp-json\/wp\/v2\/product\/4421"}],"collection":[{"href":"https:\/\/coppercrafts.eu\/fr\/wp-json\/wp\/v2\/product"}],"about":[{"href":"https:\/\/coppercrafts.eu\/fr\/wp-json\/wp\/v2\/types\/product"}],"replies":[{"embeddable":true,"href":"https:\/\/coppercrafts.eu\/fr\/wp-json\/wp\/v2\/comments?post=4421"}],"wp:featuredmedia":[{"embeddable":true,"href":"https:\/\/coppercrafts.eu\/fr\/wp-json\/wp\/v2\/media\/6270"}],"wp:attachment":[{"href":"https:\/\/coppercrafts.eu\/fr\/wp-json\/wp\/v2\/media?parent=4421"}],"wp:term":[{"taxonomy":"product_cat","embeddable":true,"href":"https:\/\/coppercrafts.eu\/fr\/wp-json\/wp\/v2\/product_cat?post=4421"},{"taxonomy":"product_tag","embeddable":true,"href":"https:\/\/coppercrafts.eu\/fr\/wp-json\/wp\/v2\/product_tag?post=4421"}],"curies":[{"name":"wp","href":"https:\/\/api.w.org\/{rel}","templated":true}]}}