{"id":4417,"date":"2020-12-22T23:38:09","date_gmt":"2020-12-22T23:38:09","guid":{"rendered":"http:\/\/coppercrafts.eu\/product\/produto-324\/"},"modified":"2021-06-19T15:31:18","modified_gmt":"2021-06-19T15:31:18","slug":"produto-324","status":"publish","type":"product","link":"https:\/\/coppercrafts.eu\/fr\/product\/produto-324\/","title":{"rendered":"Lentille pour alambics 20-30L \u2013 1\u2033"},"content":{"rendered":"<p>Lentille pour alambics 20-30 \u2013 1\u2033<\/p>","protected":false},"excerpt":{"rendered":"<p>Accessoire qui permet d'obtenir un distillat pur, en \u00e9vitant une seconde distillation pour obtenir un taux d'alcool plus \u00e9lev\u00e9.<\/p>\n<p><b>&#8230;<\/p>","protected":false},"featured_media":6270,"comment_status":"open","ping_status":"closed","template":"","meta":{"_themeisle_gutenberg_block_has_review":false},"product_cat":[253],"product_tag":[],"_links":{"self":[{"href":"https:\/\/coppercrafts.eu\/fr\/wp-json\/wp\/v2\/product\/4417"}],"collection":[{"href":"https:\/\/coppercrafts.eu\/fr\/wp-json\/wp\/v2\/product"}],"about":[{"href":"https:\/\/coppercrafts.eu\/fr\/wp-json\/wp\/v2\/types\/product"}],"replies":[{"embeddable":true,"href":"https:\/\/coppercrafts.eu\/fr\/wp-json\/wp\/v2\/comments?post=4417"}],"wp:featuredmedia":[{"embeddable":true,"href":"https:\/\/coppercrafts.eu\/fr\/wp-json\/wp\/v2\/media\/6270"}],"wp:attachment":[{"href":"https:\/\/coppercrafts.eu\/fr\/wp-json\/wp\/v2\/media?parent=4417"}],"wp:term":[{"taxonomy":"product_cat","embeddable":true,"href":"https:\/\/coppercrafts.eu\/fr\/wp-json\/wp\/v2\/product_cat?post=4417"},{"taxonomy":"product_tag","embeddable":true,"href":"https:\/\/coppercrafts.eu\/fr\/wp-json\/wp\/v2\/product_tag?post=4417"}],"curies":[{"name":"wp","href":"https:\/\/api.w.org\/{rel}","templated":true}]}}