{"id":4402,"date":"2020-12-22T23:38:07","date_gmt":"2020-12-22T23:38:07","guid":{"rendered":"http:\/\/coppercrafts.eu\/product\/produto-309\/"},"modified":"2023-11-06T11:57:15","modified_gmt":"2023-11-06T11:57:15","slug":"produto-309","status":"publish","type":"product","link":"https:\/\/coppercrafts.eu\/fr\/product\/produto-309\/","title":{"rendered":"Br\u00fbleurs gaz \u00d8 60 cm pour alambics 300-500L \u2013 21 kW"},"content":{"rendered":"<p>Br\u00fbleur \u00e0 gaz \u00d8 60 cm pour alambics de 300 \u00e0 500 litres \u2013 21 Kw<\/p>","protected":false},"excerpt":{"rendered":"<p>Br\u00fbl\u00e9 au gaz butane.<\/p>\n<p style=\"font-weight: 400;\">Pot\u00eancia: 21\u00a0kW<\/p>\n<p style=\"font-weight: 400;\">Consumo: 1527\/1500 g\/h<\/p>\n<p style=\"font-weight: 400;\">G30\/G31: 28\/37 mbar<\/p>\n<p><b>&#8230;<\/p>","protected":false},"featured_media":6258,"comment_status":"open","ping_status":"closed","template":"","meta":{"_themeisle_gutenberg_block_has_review":false},"product_cat":[250],"product_tag":[],"_links":{"self":[{"href":"https:\/\/coppercrafts.eu\/fr\/wp-json\/wp\/v2\/product\/4402"}],"collection":[{"href":"https:\/\/coppercrafts.eu\/fr\/wp-json\/wp\/v2\/product"}],"about":[{"href":"https:\/\/coppercrafts.eu\/fr\/wp-json\/wp\/v2\/types\/product"}],"replies":[{"embeddable":true,"href":"https:\/\/coppercrafts.eu\/fr\/wp-json\/wp\/v2\/comments?post=4402"}],"wp:featuredmedia":[{"embeddable":true,"href":"https:\/\/coppercrafts.eu\/fr\/wp-json\/wp\/v2\/media\/6258"}],"wp:attachment":[{"href":"https:\/\/coppercrafts.eu\/fr\/wp-json\/wp\/v2\/media?parent=4402"}],"wp:term":[{"taxonomy":"product_cat","embeddable":true,"href":"https:\/\/coppercrafts.eu\/fr\/wp-json\/wp\/v2\/product_cat?post=4402"},{"taxonomy":"product_tag","embeddable":true,"href":"https:\/\/coppercrafts.eu\/fr\/wp-json\/wp\/v2\/product_tag?post=4402"}],"curies":[{"name":"wp","href":"https:\/\/api.w.org\/{rel}","templated":true}]}}