{"id":4396,"date":"2020-12-22T23:38:07","date_gmt":"2020-12-22T23:38:07","guid":{"rendered":"http:\/\/coppercrafts.eu\/product\/produto-303\/"},"modified":"2021-06-19T15:31:16","modified_gmt":"2021-06-19T15:31:16","slug":"produto-303","status":"publish","type":"product","link":"https:\/\/coppercrafts.eu\/fr\/product\/produto-303\/","title":{"rendered":"Support \u00d8 59 cm pour Condenseurs 400-450-500L - Renforc\u00e9"},"content":{"rendered":"<p>Support \u00d8 59 cm pour Condenseurs 400-450-500L - Renforc\u00e9<\/p>","protected":false},"excerpt":{"rendered":"<p>Supports en fer, sp\u00e9cialement con\u00e7us pour supporter correctement l'alambic.<\/p>\n<p><b>&#8230;<\/p>","protected":false},"featured_media":6232,"comment_status":"open","ping_status":"closed","template":"","meta":{"_themeisle_gutenberg_block_has_review":false},"product_cat":[211],"product_tag":[],"_links":{"self":[{"href":"https:\/\/coppercrafts.eu\/fr\/wp-json\/wp\/v2\/product\/4396"}],"collection":[{"href":"https:\/\/coppercrafts.eu\/fr\/wp-json\/wp\/v2\/product"}],"about":[{"href":"https:\/\/coppercrafts.eu\/fr\/wp-json\/wp\/v2\/types\/product"}],"replies":[{"embeddable":true,"href":"https:\/\/coppercrafts.eu\/fr\/wp-json\/wp\/v2\/comments?post=4396"}],"wp:featuredmedia":[{"embeddable":true,"href":"https:\/\/coppercrafts.eu\/fr\/wp-json\/wp\/v2\/media\/6232"}],"wp:attachment":[{"href":"https:\/\/coppercrafts.eu\/fr\/wp-json\/wp\/v2\/media?parent=4396"}],"wp:term":[{"taxonomy":"product_cat","embeddable":true,"href":"https:\/\/coppercrafts.eu\/fr\/wp-json\/wp\/v2\/product_cat?post=4396"},{"taxonomy":"product_tag","embeddable":true,"href":"https:\/\/coppercrafts.eu\/fr\/wp-json\/wp\/v2\/product_tag?post=4396"}],"curies":[{"name":"wp","href":"https:\/\/api.w.org\/{rel}","templated":true}]}}