{"id":4390,"date":"2020-12-22T23:38:05","date_gmt":"2020-12-22T23:38:05","guid":{"rendered":"http:\/\/coppercrafts.eu\/product\/produto-297\/"},"modified":"2023-11-06T11:57:15","modified_gmt":"2023-11-06T11:57:15","slug":"produto-297","status":"publish","type":"product","link":"https:\/\/coppercrafts.eu\/fr\/product\/produto-297\/","title":{"rendered":"Support \u00d8 40 cm pour Condenseurs 80L - Renforc\u00e9"},"content":{"rendered":"<p>Support \u00d8 40 cm pour Condenseurs 80L - Renforc\u00e9<\/p>","protected":false},"excerpt":{"rendered":"<p>Supports en fer, sp\u00e9cialement con\u00e7us pour supporter correctement l'alambic.<\/p>\n<p><b>&#8230;<\/p>","protected":false},"featured_media":6232,"comment_status":"open","ping_status":"closed","template":"","meta":{"_themeisle_gutenberg_block_has_review":false},"product_cat":[211],"product_tag":[],"_links":{"self":[{"href":"https:\/\/coppercrafts.eu\/fr\/wp-json\/wp\/v2\/product\/4390"}],"collection":[{"href":"https:\/\/coppercrafts.eu\/fr\/wp-json\/wp\/v2\/product"}],"about":[{"href":"https:\/\/coppercrafts.eu\/fr\/wp-json\/wp\/v2\/types\/product"}],"replies":[{"embeddable":true,"href":"https:\/\/coppercrafts.eu\/fr\/wp-json\/wp\/v2\/comments?post=4390"}],"wp:featuredmedia":[{"embeddable":true,"href":"https:\/\/coppercrafts.eu\/fr\/wp-json\/wp\/v2\/media\/6232"}],"wp:attachment":[{"href":"https:\/\/coppercrafts.eu\/fr\/wp-json\/wp\/v2\/media?parent=4390"}],"wp:term":[{"taxonomy":"product_cat","embeddable":true,"href":"https:\/\/coppercrafts.eu\/fr\/wp-json\/wp\/v2\/product_cat?post=4390"},{"taxonomy":"product_tag","embeddable":true,"href":"https:\/\/coppercrafts.eu\/fr\/wp-json\/wp\/v2\/product_tag?post=4390"}],"curies":[{"name":"wp","href":"https:\/\/api.w.org\/{rel}","templated":true}]}}