{"id":4381,"date":"2020-12-22T23:38:04","date_gmt":"2020-12-22T23:38:04","guid":{"rendered":"http:\/\/coppercrafts.eu\/product\/produto-288\/"},"modified":"2023-11-06T11:57:16","modified_gmt":"2023-11-06T11:57:16","slug":"produto-288","status":"publish","type":"product","link":"https:\/\/coppercrafts.eu\/fr\/product\/produto-288\/","title":{"rendered":"Ecran Cuivre \u00d8 31 cm pour Colonne 50L"},"content":{"rendered":"<p>Tamis Cuivre pour Colonne 50 litres D 31 cm<\/p>","protected":false},"excerpt":{"rendered":"<p>Pour la distillation de mo\u00fbt ou d'autres mati\u00e8res organiques, cet accessoire est fortement recommand\u00e9 car il \u00e9vite le contact direct avec la source de chaleur, emp\u00eachant ainsi le produit \u00e0 distiller de br\u00fbler.<\/p>\n<p><b>&#8230;<\/p>","protected":false},"featured_media":6300,"comment_status":"open","ping_status":"closed","template":"","meta":{"_themeisle_gutenberg_block_has_review":false},"product_cat":[209],"product_tag":[],"_links":{"self":[{"href":"https:\/\/coppercrafts.eu\/fr\/wp-json\/wp\/v2\/product\/4381"}],"collection":[{"href":"https:\/\/coppercrafts.eu\/fr\/wp-json\/wp\/v2\/product"}],"about":[{"href":"https:\/\/coppercrafts.eu\/fr\/wp-json\/wp\/v2\/types\/product"}],"replies":[{"embeddable":true,"href":"https:\/\/coppercrafts.eu\/fr\/wp-json\/wp\/v2\/comments?post=4381"}],"wp:featuredmedia":[{"embeddable":true,"href":"https:\/\/coppercrafts.eu\/fr\/wp-json\/wp\/v2\/media\/6300"}],"wp:attachment":[{"href":"https:\/\/coppercrafts.eu\/fr\/wp-json\/wp\/v2\/media?parent=4381"}],"wp:term":[{"taxonomy":"product_cat","embeddable":true,"href":"https:\/\/coppercrafts.eu\/fr\/wp-json\/wp\/v2\/product_cat?post=4381"},{"taxonomy":"product_tag","embeddable":true,"href":"https:\/\/coppercrafts.eu\/fr\/wp-json\/wp\/v2\/product_tag?post=4381"}],"curies":[{"name":"wp","href":"https:\/\/api.w.org\/{rel}","templated":true}]}}