{"id":4344,"date":"2020-12-22T23:37:58","date_gmt":"2020-12-22T23:37:58","guid":{"rendered":"http:\/\/coppercrafts.eu\/product\/produto-251\/"},"modified":"2023-11-06T11:58:58","modified_gmt":"2023-11-06T11:58:58","slug":"produto-251","status":"publish","type":"product","link":"https:\/\/coppercrafts.eu\/fr\/product\/produto-251\/","title":{"rendered":"Thermom\u00e8tre avec protection m\u00e9tallique A 110 Vert. 1\/2\u2033 0-120\u00ba"},"content":{"rendered":"<p>Thermom\u00e8tre avec Protection M\u00e9tallique A 110 Vert. 1\/2\u2033 0-120\u00ba<\/p>","protected":false},"excerpt":{"rendered":"<p>Cet instrument de mesure vous permet de contr\u00f4ler la temp\u00e9rature de la distillation.<\/p>\n<p>Ce thermom\u00e8tre permet des mesures tr\u00e8s pr\u00e9cises.<\/p>\n<p><b>&#8230;<\/p>","protected":false},"featured_media":6244,"comment_status":"open","ping_status":"closed","template":"","meta":{"_themeisle_gutenberg_block_has_review":false},"product_cat":[207],"product_tag":[],"_links":{"self":[{"href":"https:\/\/coppercrafts.eu\/fr\/wp-json\/wp\/v2\/product\/4344"}],"collection":[{"href":"https:\/\/coppercrafts.eu\/fr\/wp-json\/wp\/v2\/product"}],"about":[{"href":"https:\/\/coppercrafts.eu\/fr\/wp-json\/wp\/v2\/types\/product"}],"replies":[{"embeddable":true,"href":"https:\/\/coppercrafts.eu\/fr\/wp-json\/wp\/v2\/comments?post=4344"}],"wp:featuredmedia":[{"embeddable":true,"href":"https:\/\/coppercrafts.eu\/fr\/wp-json\/wp\/v2\/media\/6244"}],"wp:attachment":[{"href":"https:\/\/coppercrafts.eu\/fr\/wp-json\/wp\/v2\/media?parent=4344"}],"wp:term":[{"taxonomy":"product_cat","embeddable":true,"href":"https:\/\/coppercrafts.eu\/fr\/wp-json\/wp\/v2\/product_cat?post=4344"},{"taxonomy":"product_tag","embeddable":true,"href":"https:\/\/coppercrafts.eu\/fr\/wp-json\/wp\/v2\/product_tag?post=4344"}],"curies":[{"name":"wp","href":"https:\/\/api.w.org\/{rel}","templated":true}]}}