{"id":4343,"date":"2020-12-22T23:37:58","date_gmt":"2020-12-22T23:37:58","guid":{"rendered":"http:\/\/coppercrafts.eu\/product\/produto-250\/"},"modified":"2023-11-06T11:58:58","modified_gmt":"2023-11-06T11:58:58","slug":"produto-250","status":"publish","type":"product","link":"https:\/\/coppercrafts.eu\/fr\/product\/produto-250\/","title":{"rendered":"Thermom\u00e8tre en verre et canne m\u00e9tallique 20cm"},"content":{"rendered":"<p>Thermom\u00e8tre \u00e0 canne en verre et m\u00e9tal 20 cm<\/p>","protected":false},"excerpt":{"rendered":"<p>Cet instrument de mesure vous permet de contr\u00f4ler la temp\u00e9rature de la distillation.<\/p>\n<p>thermom\u00e8tre (0\u00b0 \u2013 120\u00b0) \u00d8 4 cm<\/p>\n<p>Ce thermom\u00e8tre permet des mesures tr\u00e8s pr\u00e9cises.<\/p>\n<p><b>&#8230;<\/p>","protected":false},"featured_media":6242,"comment_status":"open","ping_status":"closed","template":"","meta":{"_themeisle_gutenberg_block_has_review":false},"product_cat":[207],"product_tag":[],"_links":{"self":[{"href":"https:\/\/coppercrafts.eu\/fr\/wp-json\/wp\/v2\/product\/4343"}],"collection":[{"href":"https:\/\/coppercrafts.eu\/fr\/wp-json\/wp\/v2\/product"}],"about":[{"href":"https:\/\/coppercrafts.eu\/fr\/wp-json\/wp\/v2\/types\/product"}],"replies":[{"embeddable":true,"href":"https:\/\/coppercrafts.eu\/fr\/wp-json\/wp\/v2\/comments?post=4343"}],"wp:featuredmedia":[{"embeddable":true,"href":"https:\/\/coppercrafts.eu\/fr\/wp-json\/wp\/v2\/media\/6242"}],"wp:attachment":[{"href":"https:\/\/coppercrafts.eu\/fr\/wp-json\/wp\/v2\/media?parent=4343"}],"wp:term":[{"taxonomy":"product_cat","embeddable":true,"href":"https:\/\/coppercrafts.eu\/fr\/wp-json\/wp\/v2\/product_cat?post=4343"},{"taxonomy":"product_tag","embeddable":true,"href":"https:\/\/coppercrafts.eu\/fr\/wp-json\/wp\/v2\/product_tag?post=4343"}],"curies":[{"name":"wp","href":"https:\/\/api.w.org\/{rel}","templated":true}]}}